{"id":110142,"date":"2025-12-03T12:22:19","date_gmt":"2025-12-03T11:22:19","guid":{"rendered":"https:\/\/www.hirtenberg-apotheke.at\/katalog\/produkt\/selenase-100-xl-tabletten-90-stk\/"},"modified":"2025-12-03T12:22:42","modified_gmt":"2025-12-03T11:22:42","slug":"selenase-100-xl-tabletten-90-stk","status":"publish","type":"product","link":"https:\/\/www.hirtenberg-apotheke.at\/katalog\/produkt\/selenase-100-xl-tabletten-90-stk\/","title":{"rendered":"Selenase 100 XL Tabletten 90 Stk."},"content":{"rendered":"<p>selenase\u00a0100 XL sind ein Nahrungserg\u00e4nzungsmittel mit anorganischem Selen (Natriumselenit), die f\u00fcr die Optimierung der Selenversorgung im K\u00f6rper sorgen.<\/p>\n<p>&#13;<\/p>\n<p>\u00a0<\/p>\n<p>&#13;<\/p>\n<ul>&#13;<\/p>\n<li>Tr\u00e4gt zu einer normalen Funktion des Immunsystems bei<br \/>\u00a0<\/li>\n<p>&#13;<\/p>\n<li>Sch\u00fctzt die Zellen vor oxidativem Stress<br \/>\u00a0<\/li>\n<p>&#13;<\/p>\n<li>Unterst\u00fctzt die Erhaltung normaler Haare und N\u00e4gel<\/li>\n<p>&#13;\n<\/ul>\n","protected":false},"excerpt":{"rendered":"<p>selenase\u00a0100 XL sind ein Nahrungserg\u00e4nzungsmittel mit anorganischem Selen (Natriumselenit), die f\u00fcr die Optimierung der Selenversorgung im K\u00f6rper sorgen. &#13; \u00a0 &#13; &#13; Tr\u00e4gt zu einer normalen Funktion des Immunsystems bei\u00a0 &#13; Sch\u00fctzt die Zellen vor oxidativem Stress\u00a0 &#13; Unterst\u00fctzt die Erhaltung normaler Haare und N\u00e4gel &#13;<\/p>\n","protected":false},"featured_media":110144,"template":"","meta":{"_acf_changed":false},"product_brand":[],"product_cat":[303],"product_tag":[],"class_list":{"0":"post-110142","1":"product","2":"type-product","3":"status-publish","4":"has-post-thumbnail","6":"product_cat-s","7":"pa_packungsgroesse-90-stueck","9":"first","10":"instock","11":"shipping-taxable","12":"purchasable","13":"product-type-simple"},"acf":[],"_links":{"self":[{"href":"https:\/\/www.hirtenberg-apotheke.at\/katalog\/wp-json\/wp\/v2\/product\/110142","targetHints":{"allow":["GET"]}}],"collection":[{"href":"https:\/\/www.hirtenberg-apotheke.at\/katalog\/wp-json\/wp\/v2\/product"}],"about":[{"href":"https:\/\/www.hirtenberg-apotheke.at\/katalog\/wp-json\/wp\/v2\/types\/product"}],"wp:featuredmedia":[{"embeddable":true,"href":"https:\/\/www.hirtenberg-apotheke.at\/katalog\/wp-json\/wp\/v2\/media\/110144"}],"wp:attachment":[{"href":"https:\/\/www.hirtenberg-apotheke.at\/katalog\/wp-json\/wp\/v2\/media?parent=110142"}],"wp:term":[{"taxonomy":"product_brand","embeddable":true,"href":"https:\/\/www.hirtenberg-apotheke.at\/katalog\/wp-json\/wp\/v2\/product_brand?post=110142"},{"taxonomy":"product_cat","embeddable":true,"href":"https:\/\/www.hirtenberg-apotheke.at\/katalog\/wp-json\/wp\/v2\/product_cat?post=110142"},{"taxonomy":"product_tag","embeddable":true,"href":"https:\/\/www.hirtenberg-apotheke.at\/katalog\/wp-json\/wp\/v2\/product_tag?post=110142"}],"curies":[{"name":"wp","href":"https:\/\/api.w.org\/{rel}","templated":true}]}}