{"id":110217,"date":"2025-12-03T12:24:58","date_gmt":"2025-12-03T11:24:58","guid":{"rendered":"https:\/\/www.hirtenberg-apotheke.at\/katalog\/produkt\/softasept-bz-1000-ml\/"},"modified":"2025-12-03T12:25:28","modified_gmt":"2025-12-03T11:25:28","slug":"softasept-bz-1000-ml","status":"publish","type":"product","link":"https:\/\/www.hirtenberg-apotheke.at\/katalog\/produkt\/softasept-bz-1000-ml\/","title":{"rendered":"Softasept BZ 1000 ml"},"content":{"rendered":"<ul>&#13;<\/p>\n<li>Gebrauchsfertige, alkoholische L\u00f6sung zur Anwendung auf der Haut<\/li>\n<p>&#13;<\/p>\n<li>Ohne mikrobizide Zusatzstoffe<\/li>\n<p>&#13;<\/p>\n<li>Wirkt bakterizid, levurozid, tuberkulozid, gegen beh\u00fcllte Viren, Adenovirus, Norovirus und Poliovirus<\/li>\n<p>&#13;<\/p>\n<li>Kurze Einwirkzeit (ab 15 Sekunden)<\/li>\n<p>&#13;<\/p>\n<li>Trocknet schnell<\/li>\n<p>&#13;<\/p>\n<li>Als farblose Variante erh\u00e4ltlich<\/li>\n<p>&#13;<\/p>\n<li>Dosierpumpe und Handspr\u00fchkopf als Zubeh\u00f6r erh\u00e4ltlich<\/li>\n<p>&#13;<\/p>\n<li>\u00d6GHMP gelistet<\/li>\n<p>&#13;\n<\/ul>\n","protected":false},"excerpt":{"rendered":"<p>&#13; Gebrauchsfertige, alkoholische L\u00f6sung zur Anwendung auf der Haut &#13; Ohne mikrobizide Zusatzstoffe &#13; Wirkt bakterizid, levurozid, tuberkulozid, gegen beh\u00fcllte Viren, Adenovirus, Norovirus und Poliovirus &#13; Kurze Einwirkzeit (ab 15 Sekunden) &#13; Trocknet schnell &#13; Als farblose Variante erh\u00e4ltlich &#13; Dosierpumpe und Handspr\u00fchkopf als Zubeh\u00f6r erh\u00e4ltlich &#13; \u00d6GHMP gelistet &#13;<\/p>\n","protected":false},"featured_media":110219,"template":"","meta":{"_acf_changed":false},"product_brand":[],"product_cat":[303],"product_tag":[],"class_list":{"0":"post-110217","1":"product","2":"type-product","3":"status-publish","4":"has-post-thumbnail","6":"product_cat-s","7":"pa_packungsgroesse-1l","9":"first","10":"instock","11":"shipping-taxable","12":"purchasable","13":"product-type-simple"},"acf":[],"_links":{"self":[{"href":"https:\/\/www.hirtenberg-apotheke.at\/katalog\/wp-json\/wp\/v2\/product\/110217","targetHints":{"allow":["GET"]}}],"collection":[{"href":"https:\/\/www.hirtenberg-apotheke.at\/katalog\/wp-json\/wp\/v2\/product"}],"about":[{"href":"https:\/\/www.hirtenberg-apotheke.at\/katalog\/wp-json\/wp\/v2\/types\/product"}],"wp:featuredmedia":[{"embeddable":true,"href":"https:\/\/www.hirtenberg-apotheke.at\/katalog\/wp-json\/wp\/v2\/media\/110219"}],"wp:attachment":[{"href":"https:\/\/www.hirtenberg-apotheke.at\/katalog\/wp-json\/wp\/v2\/media?parent=110217"}],"wp:term":[{"taxonomy":"product_brand","embeddable":true,"href":"https:\/\/www.hirtenberg-apotheke.at\/katalog\/wp-json\/wp\/v2\/product_brand?post=110217"},{"taxonomy":"product_cat","embeddable":true,"href":"https:\/\/www.hirtenberg-apotheke.at\/katalog\/wp-json\/wp\/v2\/product_cat?post=110217"},{"taxonomy":"product_tag","embeddable":true,"href":"https:\/\/www.hirtenberg-apotheke.at\/katalog\/wp-json\/wp\/v2\/product_tag?post=110217"}],"curies":[{"name":"wp","href":"https:\/\/api.w.org\/{rel}","templated":true}]}}