{"id":110228,"date":"2025-12-03T12:25:33","date_gmt":"2025-12-03T11:25:33","guid":{"rendered":"https:\/\/www.hirtenberg-apotheke.at\/katalog\/produkt\/mag-doskar-zeckenpinzette-1-stk\/"},"modified":"2025-12-03T12:25:35","modified_gmt":"2025-12-03T11:25:35","slug":"mag-doskar-zeckenpinzette-1-stk","status":"publish","type":"product","link":"https:\/\/www.hirtenberg-apotheke.at\/katalog\/produkt\/mag-doskar-zeckenpinzette-1-stk\/","title":{"rendered":"Mag. Doskar Zeckenpinzette 1 Stk."},"content":{"rendered":"<p>Mag. Doskar Zeckenpinzette 1 Stk. aus Edelstahl ist speziell geformt und macht es leichter, eine Zecke, die in der Haut sitzt, zu fassen. Neben der Anwendung bei Zecken, die an gut zug\u00e4nglichen Hautpartien sitzen, eignen sich Pinzetten auch f\u00fcr Zecken, die z.B. in K\u00f6rperh\u00f6lungen wie den Achselh\u00f6hlen oder dem Bauchnabel sitzen.<\/p>\n","protected":false},"excerpt":{"rendered":"<p>Mag. Doskar Zeckenpinzette 1 Stk. aus Edelstahl ist speziell geformt und macht es leichter, eine Zecke, die in der Haut sitzt, zu fassen. Neben der Anwendung bei Zecken, die an gut zug\u00e4nglichen Hautpartien sitzen, eignen sich Pinzetten auch f\u00fcr Zecken, die z.B. in K\u00f6rperh\u00f6lungen wie den Achselh\u00f6hlen oder dem Bauchnabel sitzen.<\/p>\n","protected":false},"featured_media":0,"template":"","meta":{"_acf_changed":false},"product_brand":[],"product_cat":[308],"product_tag":[],"class_list":{"0":"post-110228","1":"product","2":"type-product","3":"status-publish","5":"product_cat-m","6":"pa_packungsgroesse-1-stueck","8":"first","9":"instock","10":"shipping-taxable","11":"purchasable","12":"product-type-simple"},"acf":[],"_links":{"self":[{"href":"https:\/\/www.hirtenberg-apotheke.at\/katalog\/wp-json\/wp\/v2\/product\/110228","targetHints":{"allow":["GET"]}}],"collection":[{"href":"https:\/\/www.hirtenberg-apotheke.at\/katalog\/wp-json\/wp\/v2\/product"}],"about":[{"href":"https:\/\/www.hirtenberg-apotheke.at\/katalog\/wp-json\/wp\/v2\/types\/product"}],"wp:attachment":[{"href":"https:\/\/www.hirtenberg-apotheke.at\/katalog\/wp-json\/wp\/v2\/media?parent=110228"}],"wp:term":[{"taxonomy":"product_brand","embeddable":true,"href":"https:\/\/www.hirtenberg-apotheke.at\/katalog\/wp-json\/wp\/v2\/product_brand?post=110228"},{"taxonomy":"product_cat","embeddable":true,"href":"https:\/\/www.hirtenberg-apotheke.at\/katalog\/wp-json\/wp\/v2\/product_cat?post=110228"},{"taxonomy":"product_tag","embeddable":true,"href":"https:\/\/www.hirtenberg-apotheke.at\/katalog\/wp-json\/wp\/v2\/product_tag?post=110228"}],"curies":[{"name":"wp","href":"https:\/\/api.w.org\/{rel}","templated":true}]}}