{"id":11035,"date":"2025-11-25T14:19:34","date_gmt":"2025-11-25T13:19:34","guid":{"rendered":"https:\/\/www.hirtenberg-apotheke.at\/katalog\/produkt\/lutamax-duo-10mg-kapseln\/"},"modified":"2025-11-25T14:20:39","modified_gmt":"2025-11-25T13:20:39","slug":"lutamax-duo-10mg-kapseln","status":"publish","type":"product","link":"https:\/\/www.hirtenberg-apotheke.at\/katalog\/produkt\/lutamax-duo-10mg-kapseln\/","title":{"rendered":"Lutamax DUO 10mg Kapseln"},"content":{"rendered":"<p>Lutamax Duo Kapseln sind di\u00e4tische Mittel, die zum Schutz der Netzhaut bei altersbedingter Makuladegeneration (AMD) entwickelt wurden. Die Einnahme wird in allen Phasen der AMD, auch in den Sp\u00e4tphasen, empfohlen. Das Produkt enth\u00e4lt essentielle N\u00e4hrstoffe wie Lutein, Zeaxanthin und die Omega-3-Fetts\u00e4uren DHA und EPA.<\/p>\n","protected":false},"excerpt":{"rendered":"<p>Lutamax Duo Kapseln sind di\u00e4tische Mittel, die zum Schutz der Netzhaut bei altersbedingter Makuladegeneration (AMD) entwickelt wurden. Die Einnahme wird in allen Phasen der AMD, auch in den Sp\u00e4tphasen, empfohlen. Das Produkt enth\u00e4lt essentielle N\u00e4hrstoffe wie Lutein, Zeaxanthin und die Omega-3-Fetts\u00e4uren DHA und EPA.<\/p>\n","protected":false},"featured_media":11037,"template":"","meta":{"_acf_changed":false},"product_brand":[],"product_cat":[317],"product_tag":[],"class_list":{"0":"post-11035","1":"product","2":"type-product","3":"status-publish","4":"has-post-thumbnail","6":"product_cat-l","7":"pa_packungsgroesse-30-stueck","8":"pa_packungsgroesse-90-stueck","10":"first","11":"instock","12":"shipping-taxable","13":"purchasable","14":"product-type-simple"},"acf":[],"_links":{"self":[{"href":"https:\/\/www.hirtenberg-apotheke.at\/katalog\/wp-json\/wp\/v2\/product\/11035","targetHints":{"allow":["GET"]}}],"collection":[{"href":"https:\/\/www.hirtenberg-apotheke.at\/katalog\/wp-json\/wp\/v2\/product"}],"about":[{"href":"https:\/\/www.hirtenberg-apotheke.at\/katalog\/wp-json\/wp\/v2\/types\/product"}],"wp:featuredmedia":[{"embeddable":true,"href":"https:\/\/www.hirtenberg-apotheke.at\/katalog\/wp-json\/wp\/v2\/media\/11037"}],"wp:attachment":[{"href":"https:\/\/www.hirtenberg-apotheke.at\/katalog\/wp-json\/wp\/v2\/media?parent=11035"}],"wp:term":[{"taxonomy":"product_brand","embeddable":true,"href":"https:\/\/www.hirtenberg-apotheke.at\/katalog\/wp-json\/wp\/v2\/product_brand?post=11035"},{"taxonomy":"product_cat","embeddable":true,"href":"https:\/\/www.hirtenberg-apotheke.at\/katalog\/wp-json\/wp\/v2\/product_cat?post=11035"},{"taxonomy":"product_tag","embeddable":true,"href":"https:\/\/www.hirtenberg-apotheke.at\/katalog\/wp-json\/wp\/v2\/product_tag?post=11035"}],"curies":[{"name":"wp","href":"https:\/\/api.w.org\/{rel}","templated":true}]}}