{"id":11053,"date":"2025-11-25T14:19:34","date_gmt":"2025-11-25T13:19:34","guid":{"rendered":"https:\/\/www.hirtenberg-apotheke.at\/katalog\/produkt\/lutamax-duo-20mg-kapseln\/"},"modified":"2025-11-25T14:20:10","modified_gmt":"2025-11-25T13:20:10","slug":"lutamax-duo-20mg-kapseln","status":"publish","type":"product","link":"https:\/\/www.hirtenberg-apotheke.at\/katalog\/produkt\/lutamax-duo-20mg-kapseln\/","title":{"rendered":"Lutamax DUO 20mg Kapseln"},"content":{"rendered":"<p>Lutamax-DUO-Kapseln wurden speziell als di\u00e4tetisches Mittel zum Schutz der Netzhaut bei Altersbedingter Makuladegeneration (AMD) entwickelt. Die Einnahme wird in allen Phasen der AMD, auch in den Sp\u00e4tphasen, empfohlen. Das Produkt enth\u00e4lt die essentiellen N\u00e4hrstoffe Lutein, Zeaxanthin und die Ome- ga-3-Fetts\u00e4uren DHA und EPA. Lutein und Zeaxanthin sch\u00fctzen die Sehzellen vor Lichtsch\u00e4den und die Omega-3-Fetts\u00e4uren DHA und EPA sind f\u00fcr die richtige Funktion der Sehzellen (Fotorezeptoren) notwendig und erh\u00f6hen die Widerstandkraft des Auges gegen sch\u00e4digende Einfl\u00fcsse<\/p>\n","protected":false},"excerpt":{"rendered":"<p>Lutamax-DUO-Kapseln wurden speziell als di\u00e4tetisches Mittel zum Schutz der Netzhaut bei Altersbedingter Makuladegeneration (AMD) entwickelt. Die Einnahme wird in allen Phasen der AMD, auch in den Sp\u00e4tphasen, empfohlen. Das Produkt enth\u00e4lt die essentiellen N\u00e4hrstoffe Lutein, Zeaxanthin und die Ome- ga-3-Fetts\u00e4uren DHA und EPA. Lutein und Zeaxanthin sch\u00fctzen die Sehzellen vor Lichtsch\u00e4den und die Omega-3-Fetts\u00e4uren DHA [&hellip;]<\/p>\n","protected":false},"featured_media":11055,"template":"","meta":{"_acf_changed":false},"product_brand":[],"product_cat":[317],"product_tag":[],"class_list":{"0":"post-11053","1":"product","2":"type-product","3":"status-publish","4":"has-post-thumbnail","6":"product_cat-l","7":"pa_packungsgroesse-30-stueck","9":"first","10":"instock","11":"shipping-taxable","12":"purchasable","13":"product-type-simple"},"acf":[],"_links":{"self":[{"href":"https:\/\/www.hirtenberg-apotheke.at\/katalog\/wp-json\/wp\/v2\/product\/11053","targetHints":{"allow":["GET"]}}],"collection":[{"href":"https:\/\/www.hirtenberg-apotheke.at\/katalog\/wp-json\/wp\/v2\/product"}],"about":[{"href":"https:\/\/www.hirtenberg-apotheke.at\/katalog\/wp-json\/wp\/v2\/types\/product"}],"wp:featuredmedia":[{"embeddable":true,"href":"https:\/\/www.hirtenberg-apotheke.at\/katalog\/wp-json\/wp\/v2\/media\/11055"}],"wp:attachment":[{"href":"https:\/\/www.hirtenberg-apotheke.at\/katalog\/wp-json\/wp\/v2\/media?parent=11053"}],"wp:term":[{"taxonomy":"product_brand","embeddable":true,"href":"https:\/\/www.hirtenberg-apotheke.at\/katalog\/wp-json\/wp\/v2\/product_brand?post=11053"},{"taxonomy":"product_cat","embeddable":true,"href":"https:\/\/www.hirtenberg-apotheke.at\/katalog\/wp-json\/wp\/v2\/product_cat?post=11053"},{"taxonomy":"product_tag","embeddable":true,"href":"https:\/\/www.hirtenberg-apotheke.at\/katalog\/wp-json\/wp\/v2\/product_tag?post=11053"}],"curies":[{"name":"wp","href":"https:\/\/api.w.org\/{rel}","templated":true}]}}