{"id":110599,"date":"2025-12-03T12:33:45","date_gmt":"2025-12-03T11:33:45","guid":{"rendered":"https:\/\/www.hirtenberg-apotheke.at\/katalog\/produkt\/caudalie-the-des-vignes-koerperpflege-400-ml\/"},"modified":"2025-12-03T12:33:47","modified_gmt":"2025-12-03T11:33:47","slug":"caudalie-the-des-vignes-koerperpflege-400-ml","status":"publish","type":"product","link":"https:\/\/www.hirtenberg-apotheke.at\/katalog\/produkt\/caudalie-the-des-vignes-koerperpflege-400-ml\/","title":{"rendered":"Caudalie Th\u00e9 Des Vignes K\u00f6rperpflege 400 ml"},"content":{"rendered":"<p>Die Th\u00e9 des Vignes N\u00e4hrende K\u00f6rperpflege mit Hyalurons\u00e4ure spendet Feuchtigkeit und n\u00e4hrt sofort, sodass Ihre Haut sichtbar weicher, geschmeidiger und strahlender wird. Die frische, leichte Textur zieht schnell ein, ohne zu fetten. Sie hinterl\u00e4sst auf der Haut den zarten Duft des ikonischen Duftes Th\u00e9 des Vignes mit Noten von wei\u00dfem Moschus, Neroli und Ingwer.<\/p>\n","protected":false},"excerpt":{"rendered":"<p>Die Th\u00e9 des Vignes N\u00e4hrende K\u00f6rperpflege mit Hyalurons\u00e4ure spendet Feuchtigkeit und n\u00e4hrt sofort, sodass Ihre Haut sichtbar weicher, geschmeidiger und strahlender wird. Die frische, leichte Textur zieht schnell ein, ohne zu fetten. Sie hinterl\u00e4sst auf der Haut den zarten Duft des ikonischen Duftes Th\u00e9 des Vignes mit Noten von wei\u00dfem Moschus, Neroli und Ingwer.<\/p>\n","protected":false},"featured_media":0,"template":"","meta":{"_acf_changed":false},"product_brand":[703],"product_cat":[337],"product_tag":[],"class_list":{"0":"post-110599","1":"product","2":"type-product","3":"status-publish","5":"product_brand-caudalie","6":"product_cat-c","7":"pa_packungsgroesse-400ml","9":"first","10":"instock","11":"shipping-taxable","12":"purchasable","13":"product-type-simple"},"acf":[],"_links":{"self":[{"href":"https:\/\/www.hirtenberg-apotheke.at\/katalog\/wp-json\/wp\/v2\/product\/110599","targetHints":{"allow":["GET"]}}],"collection":[{"href":"https:\/\/www.hirtenberg-apotheke.at\/katalog\/wp-json\/wp\/v2\/product"}],"about":[{"href":"https:\/\/www.hirtenberg-apotheke.at\/katalog\/wp-json\/wp\/v2\/types\/product"}],"wp:attachment":[{"href":"https:\/\/www.hirtenberg-apotheke.at\/katalog\/wp-json\/wp\/v2\/media?parent=110599"}],"wp:term":[{"taxonomy":"product_brand","embeddable":true,"href":"https:\/\/www.hirtenberg-apotheke.at\/katalog\/wp-json\/wp\/v2\/product_brand?post=110599"},{"taxonomy":"product_cat","embeddable":true,"href":"https:\/\/www.hirtenberg-apotheke.at\/katalog\/wp-json\/wp\/v2\/product_cat?post=110599"},{"taxonomy":"product_tag","embeddable":true,"href":"https:\/\/www.hirtenberg-apotheke.at\/katalog\/wp-json\/wp\/v2\/product_tag?post=110599"}],"curies":[{"name":"wp","href":"https:\/\/api.w.org\/{rel}","templated":true}]}}