{"id":111013,"date":"2025-12-03T12:43:30","date_gmt":"2025-12-03T11:43:30","guid":{"rendered":"https:\/\/www.hirtenberg-apotheke.at\/katalog\/produkt\/canal-hautzange-scherenform-rostfrei\/"},"modified":"2025-12-03T12:43:34","modified_gmt":"2025-12-03T11:43:34","slug":"canal-hautzange-scherenform-rostfrei","status":"publish","type":"product","link":"https:\/\/www.hirtenberg-apotheke.at\/katalog\/produkt\/canal-hautzange-scherenform-rostfrei\/","title":{"rendered":"Canal Hautzange Scherenform rostfrei"},"content":{"rendered":"<p>&#8211; Ideal zum Entfernen von Nagelhaut und Hautresten<\/p>\n<p>&#8211; Hygienisch und anti-allergen dank rostfreiem Edelstahl<\/p>\n<p>&#8211; Auch f\u00fcr Linksh\u00e4nder geeignet<\/p>\n<p>L x B x H: 8 x 5 x 0,4 cm<\/p>\n<p><strong>Was unterscheidet canal Zangen von anderen?<\/strong><\/p>\n<p>Jede canal Zange wird von Hand geschliffen und zeichnet sich durch feinste Spitzen und genau aufeinander abgestimmte Schneidfl\u00e4chen aus. Durch die Kr\u00f6pfung am Schneidekopf kommt man auch gut zum Nagelbett und in Nagelecken. Selbst H\u00fchneraugen und Hornhaut k\u00f6nnen mit diesem Profiinstrument optimal entfernt werden. Dank der Verarbeitung ohne Schrauben hat die Zange eine sehr hohe Stabilit\u00e4t. Alle rostfreien canal Zangen sind nachschleifbar &#8211; umweltfreundlich, nachhaltig und garantierte lebenslange Freude.<\/p>\n<p><strong>Qualit\u00e4t sp\u00fcren und erleben!<\/strong><\/p>\n","protected":false},"excerpt":{"rendered":"<p>&#8211; Ideal zum Entfernen von Nagelhaut und Hautresten &#8211; Hygienisch und anti-allergen dank rostfreiem Edelstahl &#8211; Auch f\u00fcr Linksh\u00e4nder geeignet L x B x H: 8 x 5 x 0,4 cm Was unterscheidet canal Zangen von anderen? Jede canal Zange wird von Hand geschliffen und zeichnet sich durch feinste Spitzen und genau aufeinander abgestimmte Schneidfl\u00e4chen [&hellip;]<\/p>\n","protected":false},"featured_media":111015,"template":"","meta":{"_acf_changed":false},"product_brand":[1123],"product_cat":[337],"product_tag":[],"class_list":{"0":"post-111013","1":"product","2":"type-product","3":"status-publish","4":"has-post-thumbnail","6":"product_brand-canal","7":"product_cat-c","8":"pa_packungsgroesse-1-stueck","10":"first","11":"instock","12":"shipping-taxable","13":"purchasable","14":"product-type-simple"},"acf":[],"_links":{"self":[{"href":"https:\/\/www.hirtenberg-apotheke.at\/katalog\/wp-json\/wp\/v2\/product\/111013","targetHints":{"allow":["GET"]}}],"collection":[{"href":"https:\/\/www.hirtenberg-apotheke.at\/katalog\/wp-json\/wp\/v2\/product"}],"about":[{"href":"https:\/\/www.hirtenberg-apotheke.at\/katalog\/wp-json\/wp\/v2\/types\/product"}],"wp:featuredmedia":[{"embeddable":true,"href":"https:\/\/www.hirtenberg-apotheke.at\/katalog\/wp-json\/wp\/v2\/media\/111015"}],"wp:attachment":[{"href":"https:\/\/www.hirtenberg-apotheke.at\/katalog\/wp-json\/wp\/v2\/media?parent=111013"}],"wp:term":[{"taxonomy":"product_brand","embeddable":true,"href":"https:\/\/www.hirtenberg-apotheke.at\/katalog\/wp-json\/wp\/v2\/product_brand?post=111013"},{"taxonomy":"product_cat","embeddable":true,"href":"https:\/\/www.hirtenberg-apotheke.at\/katalog\/wp-json\/wp\/v2\/product_cat?post=111013"},{"taxonomy":"product_tag","embeddable":true,"href":"https:\/\/www.hirtenberg-apotheke.at\/katalog\/wp-json\/wp\/v2\/product_tag?post=111013"}],"curies":[{"name":"wp","href":"https:\/\/api.w.org\/{rel}","templated":true}]}}