{"id":111437,"date":"2025-12-03T12:54:53","date_gmt":"2025-12-03T11:54:53","guid":{"rendered":"https:\/\/www.hirtenberg-apotheke.at\/katalog\/produkt\/dr-boehm-omega-3-vegan\/"},"modified":"2025-12-03T12:54:56","modified_gmt":"2025-12-03T11:54:56","slug":"dr-boehm-omega-3-vegan","status":"publish","type":"product","link":"https:\/\/www.hirtenberg-apotheke.at\/katalog\/produkt\/dr-boehm-omega-3-vegan\/","title":{"rendered":"Dr. B\u00f6hm Omega 3 vegan"},"content":{"rendered":"<p>Dr. B\u00f6hm Omega 3 vegan ist eine hochqualitative, rein pflanzliche Omega-3-Quelle mit dem bioaktiven Carotinoid Astaxanthin aus Algen. Die einzigartige Kombination tr\u00e4gt schon mit einer einmal t\u00e4glichen Einnahme zu einer idealen Omega-3-Versorgung bei.&#13;<br \/>\n&#13;<br \/>\n&#13;<br \/>\n\u2022 Omega-3-Fetts\u00e4uren EPA und DHA aus Algen\u00f6l: in optimaler Dosierung f\u00fcr eine gesunde Herzfunktion. \u00d6kologisch aus pflanzlicher Quelle bezogen.&#13;<br \/>\n&#13;<br \/>\n\u2022 Astaxanthin: wird aus der Mikroalge Haematococcus pluvialis gewonnen und sch\u00fctzt die Alge vor\u00e4u\u00dferlichen Einfl\u00fcssen und Stressfaktoren. Das hier verwendete Astaxanthin wird nachhaltig in \u00d6sterreich (Steiermark) kultiviert und durch ein spezielles patentiertes Verfahren gewonnen.&#13;<br \/>\n&#13;<br \/>\n\u2022 Magensaftstabile Kapseln: geruchs- und geschmacksneutral, kein unangenehmes Aufsto\u00dfen.&#13;<br \/>\n&#13;<br \/>\n&#13;<br \/>\n&#13;<br \/>\n&#13;<br \/>\nOmega-3-Fetts\u00e4uren geh\u00f6ren zu den mehrfach unges\u00e4ttigten Fetts\u00e4uren und sind lebensnotwendig f\u00fcr unseren K\u00f6rper. Wir k\u00f6nnen sie allerdings nicht selbst bilden und sind daher auf eine Zufuhr von au\u00dfen angewiesen. Bei einem bewussten Verzicht auf tierische Nahrungsquellen (allen voran fettreichen Meeresfisch) wird die Aufnahme der wichtigsten Omega-3-Fetts\u00e4uren EPA und DHA deutlich erschwert. Was viele nicht wissen: In den oft empfohlenen pflanzlichen Alternativen wie Leinsamen- und Hanf\u00f6l ist die Omega-3-Fetts\u00e4ure Alpha-Linolens\u00e4ure enthalten. Diese kann nur geringf\u00fcgig in EPA und DHA umgewandelt werden. Die nachhaltig kultivierte Mikroalge Schizochytrium sp. stellt hingegen eine sinnvolle Alternative f\u00fcr die Zufuhr von EPA und DHA dar.&#13;<br \/>\n&#13;<br \/>\nDas ebenfalls aus Algen gewonnene Astaxanthin (AstaFit) geh\u00f6rt zur Gruppe der Carotinoide und wird gebildet, sobald die Alge \u00e4u\u00dferlichen Stressfaktoren ausgesetzt ist. Durch die Bildung des Astaxanthin (erkennbar durch eine Verf\u00e4rbung der Alge von Gr\u00fcn auf Rot) kann die Pflanze selbst bei widrigsten Bedingungen \u00fcberleben. Diese au\u00dfergew\u00f6hnliche F\u00e4higkeit steht aktuell im Fokus der Wissenschaft.&#13;<br \/>\nDurch die charakteristisch rote Farbe von Astaxanthin und der nachhaltigen Kultivierung in der Steiermark wird der patentierte Inhaltsstoff AstaFit auch \u201eroter Diamant\u201c aus \u00d6sterreich genannt. Das Besondere daran: Dieses nat\u00fcrlich gewonnene Astaxanthin weist im Vergleich zu einer synthetischen Herstellung eine hohe Bioverf\u00fcgbarkeit auf.<\/p>\n","protected":false},"excerpt":{"rendered":"<p>Dr. B\u00f6hm Omega 3 vegan ist eine hochqualitative, rein pflanzliche Omega-3-Quelle mit dem bioaktiven Carotinoid Astaxanthin aus Algen. Die einzigartige Kombination tr\u00e4gt schon mit einer einmal t\u00e4glichen Einnahme zu einer idealen Omega-3-Versorgung bei.&#13; &#13; &#13; \u2022 Omega-3-Fetts\u00e4uren EPA und DHA aus Algen\u00f6l: in optimaler Dosierung f\u00fcr eine gesunde Herzfunktion. \u00d6kologisch aus pflanzlicher Quelle bezogen.&#13; &#13; [&hellip;]<\/p>\n","protected":false},"featured_media":111439,"template":"","meta":{"_acf_changed":false},"product_brand":[],"product_cat":[295],"product_tag":[],"class_list":{"0":"post-111437","1":"product","2":"type-product","3":"status-publish","4":"has-post-thumbnail","6":"product_cat-d","7":"pa_packungsgroesse-30-stueck","9":"first","10":"instock","11":"shipping-taxable","12":"purchasable","13":"product-type-simple"},"acf":[],"_links":{"self":[{"href":"https:\/\/www.hirtenberg-apotheke.at\/katalog\/wp-json\/wp\/v2\/product\/111437","targetHints":{"allow":["GET"]}}],"collection":[{"href":"https:\/\/www.hirtenberg-apotheke.at\/katalog\/wp-json\/wp\/v2\/product"}],"about":[{"href":"https:\/\/www.hirtenberg-apotheke.at\/katalog\/wp-json\/wp\/v2\/types\/product"}],"wp:featuredmedia":[{"embeddable":true,"href":"https:\/\/www.hirtenberg-apotheke.at\/katalog\/wp-json\/wp\/v2\/media\/111439"}],"wp:attachment":[{"href":"https:\/\/www.hirtenberg-apotheke.at\/katalog\/wp-json\/wp\/v2\/media?parent=111437"}],"wp:term":[{"taxonomy":"product_brand","embeddable":true,"href":"https:\/\/www.hirtenberg-apotheke.at\/katalog\/wp-json\/wp\/v2\/product_brand?post=111437"},{"taxonomy":"product_cat","embeddable":true,"href":"https:\/\/www.hirtenberg-apotheke.at\/katalog\/wp-json\/wp\/v2\/product_cat?post=111437"},{"taxonomy":"product_tag","embeddable":true,"href":"https:\/\/www.hirtenberg-apotheke.at\/katalog\/wp-json\/wp\/v2\/product_tag?post=111437"}],"curies":[{"name":"wp","href":"https:\/\/api.w.org\/{rel}","templated":true}]}}