{"id":111442,"date":"2025-12-03T12:55:03","date_gmt":"2025-12-03T11:55:03","guid":{"rendered":"https:\/\/www.hirtenberg-apotheke.at\/katalog\/produkt\/rescue-spray-alkoholfrei-20-ml\/"},"modified":"2025-12-03T12:55:10","modified_gmt":"2025-12-03T11:55:10","slug":"rescue-spray-alkoholfrei-20-ml","status":"publish","type":"product","link":"https:\/\/www.hirtenberg-apotheke.at\/katalog\/produkt\/rescue-spray-alkoholfrei-20-ml\/","title":{"rendered":"RESCUE Spray Alkoholfrei 20 ml"},"content":{"rendered":"<p>Original Bach RESCUE\u00ae Spray kann in emotionalherausfordernden Situationen Unterst\u00fctzung bietenund zur Beruhigung beitragen.Alkoholfreier Auszug aus den Bach\u00ae-Bl\u00fctenDr\u00fcsentragendes Springkraut, Doldiger Milchstern,Kirschpflaume, Gelbes Sonnenr\u00f6schen und Wei\u00dfeWaldrebe.<\/p>\n","protected":false},"excerpt":{"rendered":"<p>Original Bach RESCUE\u00ae Spray kann in emotionalherausfordernden Situationen Unterst\u00fctzung bietenund zur Beruhigung beitragen.Alkoholfreier Auszug aus den Bach\u00ae-Bl\u00fctenDr\u00fcsentragendes Springkraut, Doldiger Milchstern,Kirschpflaume, Gelbes Sonnenr\u00f6schen und Wei\u00dfeWaldrebe.<\/p>\n","protected":false},"featured_media":111444,"template":"","meta":{"_acf_changed":false},"product_brand":[],"product_cat":[311],"product_tag":[],"class_list":{"0":"post-111442","1":"product","2":"type-product","3":"status-publish","4":"has-post-thumbnail","6":"product_cat-r","7":"pa_packungsgroesse-20ml","9":"first","10":"instock","11":"shipping-taxable","12":"purchasable","13":"product-type-simple"},"acf":[],"_links":{"self":[{"href":"https:\/\/www.hirtenberg-apotheke.at\/katalog\/wp-json\/wp\/v2\/product\/111442","targetHints":{"allow":["GET"]}}],"collection":[{"href":"https:\/\/www.hirtenberg-apotheke.at\/katalog\/wp-json\/wp\/v2\/product"}],"about":[{"href":"https:\/\/www.hirtenberg-apotheke.at\/katalog\/wp-json\/wp\/v2\/types\/product"}],"wp:featuredmedia":[{"embeddable":true,"href":"https:\/\/www.hirtenberg-apotheke.at\/katalog\/wp-json\/wp\/v2\/media\/111444"}],"wp:attachment":[{"href":"https:\/\/www.hirtenberg-apotheke.at\/katalog\/wp-json\/wp\/v2\/media?parent=111442"}],"wp:term":[{"taxonomy":"product_brand","embeddable":true,"href":"https:\/\/www.hirtenberg-apotheke.at\/katalog\/wp-json\/wp\/v2\/product_brand?post=111442"},{"taxonomy":"product_cat","embeddable":true,"href":"https:\/\/www.hirtenberg-apotheke.at\/katalog\/wp-json\/wp\/v2\/product_cat?post=111442"},{"taxonomy":"product_tag","embeddable":true,"href":"https:\/\/www.hirtenberg-apotheke.at\/katalog\/wp-json\/wp\/v2\/product_tag?post=111442"}],"curies":[{"name":"wp","href":"https:\/\/api.w.org\/{rel}","templated":true}]}}