{"id":111469,"date":"2025-12-03T12:56:03","date_gmt":"2025-12-03T11:56:03","guid":{"rendered":"https:\/\/www.hirtenberg-apotheke.at\/katalog\/produkt\/vitaldoc-skinelast-phyto-collagen-elixier-500-ml\/"},"modified":"2025-12-03T12:56:19","modified_gmt":"2025-12-03T11:56:19","slug":"vitaldoc-skinelast-phyto-collagen-elixier-500-ml","status":"publish","type":"product","link":"https:\/\/www.hirtenberg-apotheke.at\/katalog\/produkt\/vitaldoc-skinelast-phyto-collagen-elixier-500-ml\/","title":{"rendered":"Vitaldoc Skinelast Phyto + Collagen Elixier 500 ml"},"content":{"rendered":"<p>dermisdoc SKINELAST 5000 PHYTO+COLLAGEN ELIXIER ist ein fl\u00fcssiges Nahrungserg\u00e4nzungsmittel mit nat\u00fcrlichem Meeres-Collagen, Hyalurons\u00e4ure, Resveratrol aus Weintrauben, Vitamin C. Das Elixier reduziert die Erscheinung von Falten und verbessert die Hautfestigkeit &#8211; stark preisgesenkt bestellen!<\/p>\n","protected":false},"excerpt":{"rendered":"<p>dermisdoc SKINELAST 5000 PHYTO+COLLAGEN ELIXIER ist ein fl\u00fcssiges Nahrungserg\u00e4nzungsmittel mit nat\u00fcrlichem Meeres-Collagen, Hyalurons\u00e4ure, Resveratrol aus Weintrauben, Vitamin C. Das Elixier reduziert die Erscheinung von Falten und verbessert die Hautfestigkeit &#8211; stark preisgesenkt bestellen!<\/p>\n","protected":false},"featured_media":111471,"template":"","meta":{"_acf_changed":false},"product_brand":[],"product_cat":[300],"product_tag":[],"class_list":{"0":"post-111469","1":"product","2":"type-product","3":"status-publish","4":"has-post-thumbnail","6":"product_cat-v","7":"pa_packungsgroesse-500ml","9":"first","10":"instock","11":"shipping-taxable","12":"purchasable","13":"product-type-simple"},"acf":[],"_links":{"self":[{"href":"https:\/\/www.hirtenberg-apotheke.at\/katalog\/wp-json\/wp\/v2\/product\/111469","targetHints":{"allow":["GET"]}}],"collection":[{"href":"https:\/\/www.hirtenberg-apotheke.at\/katalog\/wp-json\/wp\/v2\/product"}],"about":[{"href":"https:\/\/www.hirtenberg-apotheke.at\/katalog\/wp-json\/wp\/v2\/types\/product"}],"wp:featuredmedia":[{"embeddable":true,"href":"https:\/\/www.hirtenberg-apotheke.at\/katalog\/wp-json\/wp\/v2\/media\/111471"}],"wp:attachment":[{"href":"https:\/\/www.hirtenberg-apotheke.at\/katalog\/wp-json\/wp\/v2\/media?parent=111469"}],"wp:term":[{"taxonomy":"product_brand","embeddable":true,"href":"https:\/\/www.hirtenberg-apotheke.at\/katalog\/wp-json\/wp\/v2\/product_brand?post=111469"},{"taxonomy":"product_cat","embeddable":true,"href":"https:\/\/www.hirtenberg-apotheke.at\/katalog\/wp-json\/wp\/v2\/product_cat?post=111469"},{"taxonomy":"product_tag","embeddable":true,"href":"https:\/\/www.hirtenberg-apotheke.at\/katalog\/wp-json\/wp\/v2\/product_tag?post=111469"}],"curies":[{"name":"wp","href":"https:\/\/api.w.org\/{rel}","templated":true}]}}