{"id":111509,"date":"2025-12-03T12:57:39","date_gmt":"2025-12-03T11:57:39","guid":{"rendered":"https:\/\/www.hirtenberg-apotheke.at\/katalog\/produkt\/nuxe-insta-masque-peelende-und-verfeinernde-maske-50-ml\/"},"modified":"2025-12-03T12:57:43","modified_gmt":"2025-12-03T11:57:43","slug":"nuxe-insta-masque-peelende-und-verfeinernde-maske-50-ml","status":"publish","type":"product","link":"https:\/\/www.hirtenberg-apotheke.at\/katalog\/produkt\/nuxe-insta-masque-peelende-und-verfeinernde-maske-50-ml\/","title":{"rendered":"Nuxe Insta-Masque Peelende und verfeinernde Maske 50 ml"},"content":{"rendered":"<p>Diese Peeling-GesichtsmaskeBietet eine Kombination der wohltuenden Wirkung von floralem Rosenwasser und Macadamia\u00f6l mit einem feinen Peelingpulver nat\u00fcrlichen Ursprungs, sodass die Haut innerhalb von nur zwei Minuten von abgestorbenen Hautzellen befreit und das Hautbild vereinheitlicht wird. Das Hautbild wird unmittelbar gegl\u00e4ttet und der Teint strahlt.Die extrem sinnliche Gelee-Textur verwandelt sich beim Einmassieren in ein \u00d6l und garantiert den Anwenderinnen auf diese Weise einen sanften Verw\u00f6hnmoment.<\/p>\n","protected":false},"excerpt":{"rendered":"<p>Diese Peeling-GesichtsmaskeBietet eine Kombination der wohltuenden Wirkung von floralem Rosenwasser und Macadamia\u00f6l mit einem feinen Peelingpulver nat\u00fcrlichen Ursprungs, sodass die Haut innerhalb von nur zwei Minuten von abgestorbenen Hautzellen befreit und das Hautbild vereinheitlicht wird. Das Hautbild wird unmittelbar gegl\u00e4ttet und der Teint strahlt.Die extrem sinnliche Gelee-Textur verwandelt sich beim Einmassieren in ein \u00d6l und [&hellip;]<\/p>\n","protected":false},"featured_media":111511,"template":"","meta":{"_acf_changed":false},"product_brand":[720],"product_cat":[310],"product_tag":[],"class_list":{"0":"post-111509","1":"product","2":"type-product","3":"status-publish","4":"has-post-thumbnail","6":"product_brand-nuxe","7":"product_cat-n","8":"pa_packungsgroesse-50ml","10":"first","11":"instock","12":"shipping-taxable","13":"purchasable","14":"product-type-simple"},"acf":[],"_links":{"self":[{"href":"https:\/\/www.hirtenberg-apotheke.at\/katalog\/wp-json\/wp\/v2\/product\/111509","targetHints":{"allow":["GET"]}}],"collection":[{"href":"https:\/\/www.hirtenberg-apotheke.at\/katalog\/wp-json\/wp\/v2\/product"}],"about":[{"href":"https:\/\/www.hirtenberg-apotheke.at\/katalog\/wp-json\/wp\/v2\/types\/product"}],"wp:featuredmedia":[{"embeddable":true,"href":"https:\/\/www.hirtenberg-apotheke.at\/katalog\/wp-json\/wp\/v2\/media\/111511"}],"wp:attachment":[{"href":"https:\/\/www.hirtenberg-apotheke.at\/katalog\/wp-json\/wp\/v2\/media?parent=111509"}],"wp:term":[{"taxonomy":"product_brand","embeddable":true,"href":"https:\/\/www.hirtenberg-apotheke.at\/katalog\/wp-json\/wp\/v2\/product_brand?post=111509"},{"taxonomy":"product_cat","embeddable":true,"href":"https:\/\/www.hirtenberg-apotheke.at\/katalog\/wp-json\/wp\/v2\/product_cat?post=111509"},{"taxonomy":"product_tag","embeddable":true,"href":"https:\/\/www.hirtenberg-apotheke.at\/katalog\/wp-json\/wp\/v2\/product_tag?post=111509"}],"curies":[{"name":"wp","href":"https:\/\/api.w.org\/{rel}","templated":true}]}}