{"id":111512,"date":"2025-12-03T12:57:39","date_gmt":"2025-12-03T11:57:39","guid":{"rendered":"https:\/\/www.hirtenberg-apotheke.at\/katalog\/produkt\/gall-pharma-niacin-500-mg-kapseln-60-stk\/"},"modified":"2025-12-03T12:57:48","modified_gmt":"2025-12-03T11:57:48","slug":"gall-pharma-niacin-500-mg-kapseln-60-stk","status":"publish","type":"product","link":"https:\/\/www.hirtenberg-apotheke.at\/katalog\/produkt\/gall-pharma-niacin-500-mg-kapseln-60-stk\/","title":{"rendered":"Gall Pharma Niacin 500 mg Kapseln 60 Stk."},"content":{"rendered":"<p>Niacin 500 mg GPH Kapseln 60 Stk. tr\u00e4gt zu einem normalen Energiestoffwechsel, zu einer normalen Funktion des Nervensystems und zur normalen psychischen Funktion bei. Zudem hilft das Vitamin aus dem B-Komplex bei der Erhaltung normaler Haut und Schleimh\u00e4ute verringert M\u00fcdigkeit und Erm\u00fcdung. Bei psychischen St\u00f6rungen wie Depression aber auch Demenz kann das Vitamin B3 die Ern\u00e4hrung sinnvoll erg\u00e4nzen und auch zur positiven Beeinflussung des Cholesterin-Spiegels hat sich eine Nahrungserg\u00e4nzung mit Vitamin B3 bew\u00e4hrt.<\/p>\n","protected":false},"excerpt":{"rendered":"<p>Niacin 500 mg GPH Kapseln 60 Stk. tr\u00e4gt zu einem normalen Energiestoffwechsel, zu einer normalen Funktion des Nervensystems und zur normalen psychischen Funktion bei. Zudem hilft das Vitamin aus dem B-Komplex bei der Erhaltung normaler Haut und Schleimh\u00e4ute verringert M\u00fcdigkeit und Erm\u00fcdung. Bei psychischen St\u00f6rungen wie Depression aber auch Demenz kann das Vitamin B3 die [&hellip;]<\/p>\n","protected":false},"featured_media":111514,"template":"","meta":{"_acf_changed":false},"product_brand":[],"product_cat":[328],"product_tag":[],"class_list":{"0":"post-111512","1":"product","2":"type-product","3":"status-publish","4":"has-post-thumbnail","6":"product_cat-g","7":"pa_packungsgroesse-60-stueck","9":"first","10":"instock","11":"shipping-taxable","12":"purchasable","13":"product-type-simple"},"acf":[],"_links":{"self":[{"href":"https:\/\/www.hirtenberg-apotheke.at\/katalog\/wp-json\/wp\/v2\/product\/111512","targetHints":{"allow":["GET"]}}],"collection":[{"href":"https:\/\/www.hirtenberg-apotheke.at\/katalog\/wp-json\/wp\/v2\/product"}],"about":[{"href":"https:\/\/www.hirtenberg-apotheke.at\/katalog\/wp-json\/wp\/v2\/types\/product"}],"wp:featuredmedia":[{"embeddable":true,"href":"https:\/\/www.hirtenberg-apotheke.at\/katalog\/wp-json\/wp\/v2\/media\/111514"}],"wp:attachment":[{"href":"https:\/\/www.hirtenberg-apotheke.at\/katalog\/wp-json\/wp\/v2\/media?parent=111512"}],"wp:term":[{"taxonomy":"product_brand","embeddable":true,"href":"https:\/\/www.hirtenberg-apotheke.at\/katalog\/wp-json\/wp\/v2\/product_brand?post=111512"},{"taxonomy":"product_cat","embeddable":true,"href":"https:\/\/www.hirtenberg-apotheke.at\/katalog\/wp-json\/wp\/v2\/product_cat?post=111512"},{"taxonomy":"product_tag","embeddable":true,"href":"https:\/\/www.hirtenberg-apotheke.at\/katalog\/wp-json\/wp\/v2\/product_tag?post=111512"}],"curies":[{"name":"wp","href":"https:\/\/api.w.org\/{rel}","templated":true}]}}