{"id":111610,"date":"2025-12-03T13:01:13","date_gmt":"2025-12-03T12:01:13","guid":{"rendered":"https:\/\/www.hirtenberg-apotheke.at\/katalog\/produkt\/wellness-ginseng-13-vitamine-11-minerale-tabletten-30-stk\/"},"modified":"2025-12-03T13:01:22","modified_gmt":"2025-12-03T12:01:22","slug":"wellness-ginseng-13-vitamine-11-minerale-tabletten-30-stk","status":"publish","type":"product","link":"https:\/\/www.hirtenberg-apotheke.at\/katalog\/produkt\/wellness-ginseng-13-vitamine-11-minerale-tabletten-30-stk\/","title":{"rendered":"Wellness Ginseng 13 Vitamine 11 Minerale Tabletten 30 Stk."},"content":{"rendered":"<p>Wellness Ginseng 13 Vitamine 11 Minerale Tabletten 30 Stk.: Der Extrakt der Ginsengwurzel mit 13 Vitaminen und 11 Mineralstoffen in nur einer Tablette &#8211; ideal zur Unterst\u00fctzung der t\u00e4glichen Basisversorgung mit wichtigen N\u00e4hrstoffen.<\/p>\n","protected":false},"excerpt":{"rendered":"<p>Wellness Ginseng 13 Vitamine 11 Minerale Tabletten 30 Stk.: Der Extrakt der Ginsengwurzel mit 13 Vitaminen und 11 Mineralstoffen in nur einer Tablette &#8211; ideal zur Unterst\u00fctzung der t\u00e4glichen Basisversorgung mit wichtigen N\u00e4hrstoffen.<\/p>\n","protected":false},"featured_media":111612,"template":"","meta":{"_acf_changed":false},"product_brand":[],"product_cat":[368],"product_tag":[],"class_list":{"0":"post-111610","1":"product","2":"type-product","3":"status-publish","4":"has-post-thumbnail","6":"product_cat-w","7":"pa_packungsgroesse-30-stueck","9":"first","10":"instock","11":"shipping-taxable","12":"purchasable","13":"product-type-simple"},"acf":[],"_links":{"self":[{"href":"https:\/\/www.hirtenberg-apotheke.at\/katalog\/wp-json\/wp\/v2\/product\/111610","targetHints":{"allow":["GET"]}}],"collection":[{"href":"https:\/\/www.hirtenberg-apotheke.at\/katalog\/wp-json\/wp\/v2\/product"}],"about":[{"href":"https:\/\/www.hirtenberg-apotheke.at\/katalog\/wp-json\/wp\/v2\/types\/product"}],"wp:featuredmedia":[{"embeddable":true,"href":"https:\/\/www.hirtenberg-apotheke.at\/katalog\/wp-json\/wp\/v2\/media\/111612"}],"wp:attachment":[{"href":"https:\/\/www.hirtenberg-apotheke.at\/katalog\/wp-json\/wp\/v2\/media?parent=111610"}],"wp:term":[{"taxonomy":"product_brand","embeddable":true,"href":"https:\/\/www.hirtenberg-apotheke.at\/katalog\/wp-json\/wp\/v2\/product_brand?post=111610"},{"taxonomy":"product_cat","embeddable":true,"href":"https:\/\/www.hirtenberg-apotheke.at\/katalog\/wp-json\/wp\/v2\/product_cat?post=111610"},{"taxonomy":"product_tag","embeddable":true,"href":"https:\/\/www.hirtenberg-apotheke.at\/katalog\/wp-json\/wp\/v2\/product_tag?post=111610"}],"curies":[{"name":"wp","href":"https:\/\/api.w.org\/{rel}","templated":true}]}}