{"id":111635,"date":"2025-12-03T13:01:47","date_gmt":"2025-12-03T12:01:47","guid":{"rendered":"https:\/\/www.hirtenberg-apotheke.at\/katalog\/produkt\/mediballs-rose-weiss-1-stk\/"},"modified":"2025-12-03T13:01:58","modified_gmt":"2025-12-03T12:01:58","slug":"mediballs-rose-weiss-1-stk","status":"publish","type":"product","link":"https:\/\/www.hirtenberg-apotheke.at\/katalog\/produkt\/mediballs-rose-weiss-1-stk\/","title":{"rendered":"Mediballs Rose\/Wei\u00df 1 Stk."},"content":{"rendered":"<p>Mediballs aus medizinischem und hautfreundlichem Silikomed k\u00f6nnen spielend leicht eingef\u00fchrt werden. Durch ihre sanften, aber durchaus sp\u00fcrbaren Bewegungen, sorgen sie f\u00fcr anregende Tragelust, eine kr\u00e4ftigere Vaginalmuskulatur und somit auch f\u00fcr ein intensiveres Empfinden beim Liebesspiel.<\/p>\n","protected":false},"excerpt":{"rendered":"<p>Mediballs aus medizinischem und hautfreundlichem Silikomed k\u00f6nnen spielend leicht eingef\u00fchrt werden. Durch ihre sanften, aber durchaus sp\u00fcrbaren Bewegungen, sorgen sie f\u00fcr anregende Tragelust, eine kr\u00e4ftigere Vaginalmuskulatur und somit auch f\u00fcr ein intensiveres Empfinden beim Liebesspiel.<\/p>\n","protected":false},"featured_media":111637,"template":"","meta":{"_acf_changed":false},"product_brand":[],"product_cat":[308],"product_tag":[],"class_list":{"0":"post-111635","1":"product","2":"type-product","3":"status-publish","4":"has-post-thumbnail","6":"product_cat-m","7":"pa_packungsgroesse-1-stueck","9":"first","10":"instock","11":"shipping-taxable","12":"purchasable","13":"product-type-simple"},"acf":[],"_links":{"self":[{"href":"https:\/\/www.hirtenberg-apotheke.at\/katalog\/wp-json\/wp\/v2\/product\/111635","targetHints":{"allow":["GET"]}}],"collection":[{"href":"https:\/\/www.hirtenberg-apotheke.at\/katalog\/wp-json\/wp\/v2\/product"}],"about":[{"href":"https:\/\/www.hirtenberg-apotheke.at\/katalog\/wp-json\/wp\/v2\/types\/product"}],"wp:featuredmedia":[{"embeddable":true,"href":"https:\/\/www.hirtenberg-apotheke.at\/katalog\/wp-json\/wp\/v2\/media\/111637"}],"wp:attachment":[{"href":"https:\/\/www.hirtenberg-apotheke.at\/katalog\/wp-json\/wp\/v2\/media?parent=111635"}],"wp:term":[{"taxonomy":"product_brand","embeddable":true,"href":"https:\/\/www.hirtenberg-apotheke.at\/katalog\/wp-json\/wp\/v2\/product_brand?post=111635"},{"taxonomy":"product_cat","embeddable":true,"href":"https:\/\/www.hirtenberg-apotheke.at\/katalog\/wp-json\/wp\/v2\/product_cat?post=111635"},{"taxonomy":"product_tag","embeddable":true,"href":"https:\/\/www.hirtenberg-apotheke.at\/katalog\/wp-json\/wp\/v2\/product_tag?post=111635"}],"curies":[{"name":"wp","href":"https:\/\/api.w.org\/{rel}","templated":true}]}}