{"id":111654,"date":"2025-12-03T13:02:24","date_gmt":"2025-12-03T12:02:24","guid":{"rendered":"https:\/\/www.hirtenberg-apotheke.at\/katalog\/produkt\/sonnentor-schlaukakao-kekse-bio-bengelchen-125-g\/"},"modified":"2025-12-03T13:02:51","modified_gmt":"2025-12-03T12:02:51","slug":"sonnentor-schlaukakao-kekse-bio-bengelchen-125-g","status":"publish","type":"product","link":"https:\/\/www.hirtenberg-apotheke.at\/katalog\/produkt\/sonnentor-schlaukakao-kekse-bio-bengelchen-125-g\/","title":{"rendered":"Sonnentor Schlaukakao Kekse Bio-Bengelchen 125 g"},"content":{"rendered":"<p>Sonnentor Schlaukakao Kekse Bio-Bengelchen\u00ae 125 g mit dem wunderbar schokoladig-orangigen Geschmack sind f\u00fcr gro\u00dfe und kleine Kr\u00fcmelmonster bestens geeignet. Dinkelmehl und der Bio-Bengelchen Schlaukakao bilden die Grundlage f\u00fcr die Kekse in Bengelchen-Form, die ohne Palm\u00f6l produziert und ausschlie\u00dflich mit Kokosbl\u00fctenzucker ges\u00fc\u00dft werden \u2013 jetzt bei online bestellen &#8211; einfach.sicher.g\u00fcnstig.<\/p>\n","protected":false},"excerpt":{"rendered":"<p>Sonnentor Schlaukakao Kekse Bio-Bengelchen\u00ae 125 g mit dem wunderbar schokoladig-orangigen Geschmack sind f\u00fcr gro\u00dfe und kleine Kr\u00fcmelmonster bestens geeignet. Dinkelmehl und der Bio-Bengelchen Schlaukakao bilden die Grundlage f\u00fcr die Kekse in Bengelchen-Form, die ohne Palm\u00f6l produziert und ausschlie\u00dflich mit Kokosbl\u00fctenzucker ges\u00fc\u00dft werden \u2013 jetzt bei online bestellen &#8211; einfach.sicher.g\u00fcnstig.<\/p>\n","protected":false},"featured_media":111656,"template":"","meta":{"_acf_changed":false},"product_brand":[917],"product_cat":[303],"product_tag":[],"class_list":{"0":"post-111654","1":"product","2":"type-product","3":"status-publish","4":"has-post-thumbnail","6":"product_brand-sonnentor","7":"product_cat-s","8":"pa_packungsgroesse-125g","10":"first","11":"instock","12":"shipping-taxable","13":"purchasable","14":"product-type-simple"},"acf":[],"_links":{"self":[{"href":"https:\/\/www.hirtenberg-apotheke.at\/katalog\/wp-json\/wp\/v2\/product\/111654","targetHints":{"allow":["GET"]}}],"collection":[{"href":"https:\/\/www.hirtenberg-apotheke.at\/katalog\/wp-json\/wp\/v2\/product"}],"about":[{"href":"https:\/\/www.hirtenberg-apotheke.at\/katalog\/wp-json\/wp\/v2\/types\/product"}],"wp:featuredmedia":[{"embeddable":true,"href":"https:\/\/www.hirtenberg-apotheke.at\/katalog\/wp-json\/wp\/v2\/media\/111656"}],"wp:attachment":[{"href":"https:\/\/www.hirtenberg-apotheke.at\/katalog\/wp-json\/wp\/v2\/media?parent=111654"}],"wp:term":[{"taxonomy":"product_brand","embeddable":true,"href":"https:\/\/www.hirtenberg-apotheke.at\/katalog\/wp-json\/wp\/v2\/product_brand?post=111654"},{"taxonomy":"product_cat","embeddable":true,"href":"https:\/\/www.hirtenberg-apotheke.at\/katalog\/wp-json\/wp\/v2\/product_cat?post=111654"},{"taxonomy":"product_tag","embeddable":true,"href":"https:\/\/www.hirtenberg-apotheke.at\/katalog\/wp-json\/wp\/v2\/product_tag?post=111654"}],"curies":[{"name":"wp","href":"https:\/\/api.w.org\/{rel}","templated":true}]}}