{"id":111672,"date":"2025-12-03T13:02:59","date_gmt":"2025-12-03T12:02:59","guid":{"rendered":"https:\/\/www.hirtenberg-apotheke.at\/katalog\/produkt\/phyto-progenium-shampoo-250-ml\/"},"modified":"2025-12-03T13:03:08","modified_gmt":"2025-12-03T12:03:08","slug":"phyto-progenium-shampoo-250-ml","status":"publish","type":"product","link":"https:\/\/www.hirtenberg-apotheke.at\/katalog\/produkt\/phyto-progenium-shampoo-250-ml\/","title":{"rendered":"Phyto Progenium Shampoo 250 ml"},"content":{"rendered":"<p>Phyto Progenium Extrem Schonendes Shampoo f\u00fcr alle Haartypen ist eine besonders schonende und h\u00e4ufig anwendbare Haarbehandlung. Es sch\u00fctzt und erh\u00e4lt das Gleichgewicht der Kopfhaut. Eine kleine Menge gen\u00fcgt, da die Formel hochkonzentriert ist! Das Haar ist weicher, sanfter und gl\u00e4nzender.<\/p>\n","protected":false},"excerpt":{"rendered":"<p>Phyto Progenium Extrem Schonendes Shampoo f\u00fcr alle Haartypen ist eine besonders schonende und h\u00e4ufig anwendbare Haarbehandlung. Es sch\u00fctzt und erh\u00e4lt das Gleichgewicht der Kopfhaut. Eine kleine Menge gen\u00fcgt, da die Formel hochkonzentriert ist! Das Haar ist weicher, sanfter und gl\u00e4nzender.<\/p>\n","protected":false},"featured_media":111674,"template":"","meta":{"_acf_changed":false},"product_brand":[748],"product_cat":[302],"product_tag":[],"class_list":{"0":"post-111672","1":"product","2":"type-product","3":"status-publish","4":"has-post-thumbnail","6":"product_brand-phyto","7":"product_cat-p","8":"pa_packungsgroesse-250ml","10":"first","11":"instock","12":"shipping-taxable","13":"purchasable","14":"product-type-simple"},"acf":[],"_links":{"self":[{"href":"https:\/\/www.hirtenberg-apotheke.at\/katalog\/wp-json\/wp\/v2\/product\/111672","targetHints":{"allow":["GET"]}}],"collection":[{"href":"https:\/\/www.hirtenberg-apotheke.at\/katalog\/wp-json\/wp\/v2\/product"}],"about":[{"href":"https:\/\/www.hirtenberg-apotheke.at\/katalog\/wp-json\/wp\/v2\/types\/product"}],"wp:featuredmedia":[{"embeddable":true,"href":"https:\/\/www.hirtenberg-apotheke.at\/katalog\/wp-json\/wp\/v2\/media\/111674"}],"wp:attachment":[{"href":"https:\/\/www.hirtenberg-apotheke.at\/katalog\/wp-json\/wp\/v2\/media?parent=111672"}],"wp:term":[{"taxonomy":"product_brand","embeddable":true,"href":"https:\/\/www.hirtenberg-apotheke.at\/katalog\/wp-json\/wp\/v2\/product_brand?post=111672"},{"taxonomy":"product_cat","embeddable":true,"href":"https:\/\/www.hirtenberg-apotheke.at\/katalog\/wp-json\/wp\/v2\/product_cat?post=111672"},{"taxonomy":"product_tag","embeddable":true,"href":"https:\/\/www.hirtenberg-apotheke.at\/katalog\/wp-json\/wp\/v2\/product_tag?post=111672"}],"curies":[{"name":"wp","href":"https:\/\/api.w.org\/{rel}","templated":true}]}}