{"id":111675,"date":"2025-12-03T13:03:07","date_gmt":"2025-12-03T12:03:07","guid":{"rendered":"https:\/\/www.hirtenberg-apotheke.at\/katalog\/produkt\/vitamic-biosen-tropfen-30-ml\/"},"modified":"2025-12-03T13:03:22","modified_gmt":"2025-12-03T12:03:22","slug":"vitamic-biosen-tropfen-30-ml","status":"publish","type":"product","link":"https:\/\/www.hirtenberg-apotheke.at\/katalog\/produkt\/vitamic-biosen-tropfen-30-ml\/","title":{"rendered":"Vitamic Biosen Tropfen 30 ml"},"content":{"rendered":"<p>VITAMIC BIOSEN\u00a0ist ein nat\u00fcrliches Nahrungserg\u00e4nzungsmittel auf der Basis von Kurkuma- und Boswellia Serrata-Extrakt sowie Vitamin C in fl\u00fcssiger Form. Dieses Produkt wurde f\u00fcr eine maximale Aufnahme durch den K\u00f6rper entwickelt.<\/p>\n<p>&#13;<\/p>\n<p>Die Formel dieses Nahrungserg\u00e4nzungsmittels wurde entwickelt, um die Absorption seiner Bestandteile zu optimieren: <strong>MyCell<sup>TM<\/sup>\u00a0Technologie<\/strong>\u00a0mit einer Bioverf\u00fcgbarkeit von bis zu 99%, und damit weit \u00fcberlegen zu anderen \u00e4hnlichen Produkten.<\/p>\n<p>&#13;<\/p>\n<p><strong>Hauptmerkmale:<\/strong><\/p>\n<p>&#13;<\/p>\n<ul>&#13;<\/p>\n<li>Optimiert mit\u00a0<strong>MyCell<sup>TM<\/sup>\u00a0Technologie<\/strong><\/li>\n<p>&#13;<\/p>\n<li>Bioverf\u00fcgbarkeit bis zu 99%<\/li>\n<p>&#13;<\/p>\n<li>Entwickelt und produziert in der Schweiz<\/li>\n<p>&#13;<\/p>\n<li>Maximale Wirksamkeit bei reduzierter Dosis<\/li>\n<p>&#13;<\/p>\n<li>Hohe zellul\u00e4re Aufnahme und Resorption<\/li>\n<p>&#13;<\/p>\n<li>Sicher ausgeschieden, wenn vom K\u00f6rper verwendet<\/li>\n<p>&#13;<\/p>\n<li>Wirksam, aber ohne Nebenwirkungen<\/li>\n<p>&#13;<\/p>\n<li>Nat\u00fcrliches Nahrungserg\u00e4nzungsmittel. Pflanzlich und vegan.<\/li>\n<p>&#13;<\/p>\n<li>Rein \u2013 Nat\u00fcrlich \u2013 Wirksam<\/li>\n<p>&#13;\n<\/ul>\n","protected":false},"excerpt":{"rendered":"<p>VITAMIC BIOSEN\u00a0ist ein nat\u00fcrliches Nahrungserg\u00e4nzungsmittel auf der Basis von Kurkuma- und Boswellia Serrata-Extrakt sowie Vitamin C in fl\u00fcssiger Form. Dieses Produkt wurde f\u00fcr eine maximale Aufnahme durch den K\u00f6rper entwickelt. &#13; Die Formel dieses Nahrungserg\u00e4nzungsmittels wurde entwickelt, um die Absorption seiner Bestandteile zu optimieren: MyCellTM\u00a0Technologie\u00a0mit einer Bioverf\u00fcgbarkeit von bis zu 99%, und damit weit \u00fcberlegen [&hellip;]<\/p>\n","protected":false},"featured_media":0,"template":"","meta":{"_acf_changed":false},"product_brand":[],"product_cat":[300],"product_tag":[],"class_list":{"0":"post-111675","1":"product","2":"type-product","3":"status-publish","5":"product_cat-v","6":"pa_packungsgroesse-30ml","8":"first","9":"instock","10":"shipping-taxable","11":"purchasable","12":"product-type-simple"},"acf":[],"_links":{"self":[{"href":"https:\/\/www.hirtenberg-apotheke.at\/katalog\/wp-json\/wp\/v2\/product\/111675","targetHints":{"allow":["GET"]}}],"collection":[{"href":"https:\/\/www.hirtenberg-apotheke.at\/katalog\/wp-json\/wp\/v2\/product"}],"about":[{"href":"https:\/\/www.hirtenberg-apotheke.at\/katalog\/wp-json\/wp\/v2\/types\/product"}],"wp:attachment":[{"href":"https:\/\/www.hirtenberg-apotheke.at\/katalog\/wp-json\/wp\/v2\/media?parent=111675"}],"wp:term":[{"taxonomy":"product_brand","embeddable":true,"href":"https:\/\/www.hirtenberg-apotheke.at\/katalog\/wp-json\/wp\/v2\/product_brand?post=111675"},{"taxonomy":"product_cat","embeddable":true,"href":"https:\/\/www.hirtenberg-apotheke.at\/katalog\/wp-json\/wp\/v2\/product_cat?post=111675"},{"taxonomy":"product_tag","embeddable":true,"href":"https:\/\/www.hirtenberg-apotheke.at\/katalog\/wp-json\/wp\/v2\/product_tag?post=111675"}],"curies":[{"name":"wp","href":"https:\/\/api.w.org\/{rel}","templated":true}]}}