{"id":11181,"date":"2025-11-25T14:21:41","date_gmt":"2025-11-25T13:21:41","guid":{"rendered":"https:\/\/www.hirtenberg-apotheke.at\/katalog\/produkt\/prosicca-augentropfen\/"},"modified":"2025-11-25T14:22:09","modified_gmt":"2025-11-25T13:22:09","slug":"prosicca-augentropfen","status":"publish","type":"product","link":"https:\/\/www.hirtenberg-apotheke.at\/katalog\/produkt\/prosicca-augentropfen\/","title":{"rendered":"Prosicca Augentropfen"},"content":{"rendered":"<p>Prosicca Augentropfen dient der symptomatischen Behandlung von Austrocknungserscheinungen der Horn- und Bindeh\u00e4ute des Auges. Au\u00dferdem verhindern die Tropfen Irritationen des Auges, die durch nichtentz\u00fcndliche Reize verursacht sind (Anpassen von Kontaktlinsen).<\/p>\n","protected":false},"excerpt":{"rendered":"<p>Prosicca Augentropfen dient der symptomatischen Behandlung von Austrocknungserscheinungen der Horn- und Bindeh\u00e4ute des Auges. Au\u00dferdem verhindern die Tropfen Irritationen des Auges, die durch nichtentz\u00fcndliche Reize verursacht sind (Anpassen von Kontaktlinsen).<\/p>\n","protected":false},"featured_media":11183,"template":"","meta":{"_acf_changed":false},"product_brand":[],"product_cat":[302],"product_tag":[],"class_list":{"0":"post-11181","1":"product","2":"type-product","3":"status-publish","4":"has-post-thumbnail","6":"product_cat-p","7":"pa_packungsgroesse-10ml","9":"first","10":"instock","11":"shipping-taxable","12":"purchasable","13":"product-type-simple"},"acf":[],"_links":{"self":[{"href":"https:\/\/www.hirtenberg-apotheke.at\/katalog\/wp-json\/wp\/v2\/product\/11181","targetHints":{"allow":["GET"]}}],"collection":[{"href":"https:\/\/www.hirtenberg-apotheke.at\/katalog\/wp-json\/wp\/v2\/product"}],"about":[{"href":"https:\/\/www.hirtenberg-apotheke.at\/katalog\/wp-json\/wp\/v2\/types\/product"}],"wp:featuredmedia":[{"embeddable":true,"href":"https:\/\/www.hirtenberg-apotheke.at\/katalog\/wp-json\/wp\/v2\/media\/11183"}],"wp:attachment":[{"href":"https:\/\/www.hirtenberg-apotheke.at\/katalog\/wp-json\/wp\/v2\/media?parent=11181"}],"wp:term":[{"taxonomy":"product_brand","embeddable":true,"href":"https:\/\/www.hirtenberg-apotheke.at\/katalog\/wp-json\/wp\/v2\/product_brand?post=11181"},{"taxonomy":"product_cat","embeddable":true,"href":"https:\/\/www.hirtenberg-apotheke.at\/katalog\/wp-json\/wp\/v2\/product_cat?post=11181"},{"taxonomy":"product_tag","embeddable":true,"href":"https:\/\/www.hirtenberg-apotheke.at\/katalog\/wp-json\/wp\/v2\/product_tag?post=11181"}],"curies":[{"name":"wp","href":"https:\/\/api.w.org\/{rel}","templated":true}]}}