{"id":11233,"date":"2025-11-25T14:22:45","date_gmt":"2025-11-25T13:22:45","guid":{"rendered":"https:\/\/www.hirtenberg-apotheke.at\/katalog\/produkt\/optive-augenpflege-tropfen\/"},"modified":"2025-11-25T14:22:54","modified_gmt":"2025-11-25T13:22:54","slug":"optive-augenpflege-tropfen","status":"publish","type":"product","link":"https:\/\/www.hirtenberg-apotheke.at\/katalog\/produkt\/optive-augenpflege-tropfen\/","title":{"rendered":"Optive Augenpflege &#8211; Tropfen"},"content":{"rendered":"<p>Optive Augenpflege-Tropfen bieten langanhaltende Linderung bei verschwommenem Sehen, bei Einschr\u00e4nkungen beim Lesen, oder Bedienen des Computers. Die Wirkformel sch\u00fctzt und regeneriert die Hornhaut und st\u00e4rkt die nat\u00fcrliche Tr\u00e4nenfl\u00fcssigkeit.<\/p>\n","protected":false},"excerpt":{"rendered":"<p>Optive Augenpflege-Tropfen bieten langanhaltende Linderung bei verschwommenem Sehen, bei Einschr\u00e4nkungen beim Lesen, oder Bedienen des Computers. Die Wirkformel sch\u00fctzt und regeneriert die Hornhaut und st\u00e4rkt die nat\u00fcrliche Tr\u00e4nenfl\u00fcssigkeit.<\/p>\n","protected":false},"featured_media":11235,"template":"","meta":{"_acf_changed":false},"product_brand":[],"product_cat":[349],"product_tag":[],"class_list":{"0":"post-11233","1":"product","2":"type-product","3":"status-publish","4":"has-post-thumbnail","6":"product_cat-o","7":"pa_packungsgroesse-10ml","9":"first","10":"instock","11":"shipping-taxable","12":"purchasable","13":"product-type-simple"},"acf":[],"_links":{"self":[{"href":"https:\/\/www.hirtenberg-apotheke.at\/katalog\/wp-json\/wp\/v2\/product\/11233","targetHints":{"allow":["GET"]}}],"collection":[{"href":"https:\/\/www.hirtenberg-apotheke.at\/katalog\/wp-json\/wp\/v2\/product"}],"about":[{"href":"https:\/\/www.hirtenberg-apotheke.at\/katalog\/wp-json\/wp\/v2\/types\/product"}],"wp:featuredmedia":[{"embeddable":true,"href":"https:\/\/www.hirtenberg-apotheke.at\/katalog\/wp-json\/wp\/v2\/media\/11235"}],"wp:attachment":[{"href":"https:\/\/www.hirtenberg-apotheke.at\/katalog\/wp-json\/wp\/v2\/media?parent=11233"}],"wp:term":[{"taxonomy":"product_brand","embeddable":true,"href":"https:\/\/www.hirtenberg-apotheke.at\/katalog\/wp-json\/wp\/v2\/product_brand?post=11233"},{"taxonomy":"product_cat","embeddable":true,"href":"https:\/\/www.hirtenberg-apotheke.at\/katalog\/wp-json\/wp\/v2\/product_cat?post=11233"},{"taxonomy":"product_tag","embeddable":true,"href":"https:\/\/www.hirtenberg-apotheke.at\/katalog\/wp-json\/wp\/v2\/product_tag?post=11233"}],"curies":[{"name":"wp","href":"https:\/\/api.w.org\/{rel}","templated":true}]}}