{"id":112545,"date":"2025-12-03T13:28:39","date_gmt":"2025-12-03T12:28:39","guid":{"rendered":"https:\/\/www.hirtenberg-apotheke.at\/katalog\/produkt\/gelifend-vaginalgel-5ml-7-stk-2\/"},"modified":"2025-12-03T13:28:42","modified_gmt":"2025-12-03T12:28:42","slug":"gelifend-vaginalgel-5ml-7-stk-2","status":"publish","type":"product","link":"https:\/\/www.hirtenberg-apotheke.at\/katalog\/produkt\/gelifend-vaginalgel-5ml-7-stk-2\/","title":{"rendered":"Gelifend Vaginalgel 5ml 7 Stk."},"content":{"rendered":"<p>Gelifend Vaginalgel 5ml enth\u00e4lt Milchs\u00e4ure und Glykogen zur Wiederherstellung und Aufrechterhaltung einer gesunden Vaginalflora und sorgt somit f\u00fcr eine optimale Vorbeugung der Pilzinfektion.<\/p>\n","protected":false},"excerpt":{"rendered":"<p>Gelifend Vaginalgel 5ml enth\u00e4lt Milchs\u00e4ure und Glykogen zur Wiederherstellung und Aufrechterhaltung einer gesunden Vaginalflora und sorgt somit f\u00fcr eine optimale Vorbeugung der Pilzinfektion.<\/p>\n","protected":false},"featured_media":0,"template":"","meta":{"_acf_changed":false},"product_brand":[],"product_cat":[328],"product_tag":[],"class_list":{"0":"post-112545","1":"product","2":"type-product","3":"status-publish","5":"product_cat-g","6":"pa_packungsgroesse-7-stueck","8":"first","9":"instock","10":"shipping-taxable","11":"purchasable","12":"product-type-simple"},"acf":[],"_links":{"self":[{"href":"https:\/\/www.hirtenberg-apotheke.at\/katalog\/wp-json\/wp\/v2\/product\/112545","targetHints":{"allow":["GET"]}}],"collection":[{"href":"https:\/\/www.hirtenberg-apotheke.at\/katalog\/wp-json\/wp\/v2\/product"}],"about":[{"href":"https:\/\/www.hirtenberg-apotheke.at\/katalog\/wp-json\/wp\/v2\/types\/product"}],"wp:attachment":[{"href":"https:\/\/www.hirtenberg-apotheke.at\/katalog\/wp-json\/wp\/v2\/media?parent=112545"}],"wp:term":[{"taxonomy":"product_brand","embeddable":true,"href":"https:\/\/www.hirtenberg-apotheke.at\/katalog\/wp-json\/wp\/v2\/product_brand?post=112545"},{"taxonomy":"product_cat","embeddable":true,"href":"https:\/\/www.hirtenberg-apotheke.at\/katalog\/wp-json\/wp\/v2\/product_cat?post=112545"},{"taxonomy":"product_tag","embeddable":true,"href":"https:\/\/www.hirtenberg-apotheke.at\/katalog\/wp-json\/wp\/v2\/product_tag?post=112545"}],"curies":[{"name":"wp","href":"https:\/\/api.w.org\/{rel}","templated":true}]}}