{"id":113322,"date":"2025-12-03T13:48:06","date_gmt":"2025-12-03T12:48:06","guid":{"rendered":"https:\/\/www.hirtenberg-apotheke.at\/katalog\/produkt\/dr-wolz-immun-select-kapseln-120-stk\/"},"modified":"2025-12-03T13:48:51","modified_gmt":"2025-12-03T12:48:51","slug":"dr-wolz-immun-select-kapseln-120-stk","status":"publish","type":"product","link":"https:\/\/www.hirtenberg-apotheke.at\/katalog\/produkt\/dr-wolz-immun-select-kapseln-120-stk\/","title":{"rendered":"Dr. Wolz Immun Select Kapseln 120 Stk."},"content":{"rendered":"<p>Die Immunkapsel Immun select Dr. Wolz enth\u00e4lt eine innovative Mikron\u00e4hrstoffkombination, welche die wichtigen Immunsubstanzen und Antioxidantien sowie Vitamin C (aus der Acerolakirsche) und organisch gebundenes Zink mit dem Bioaktivstoff (1->3),(1->6)-Beta-D-Glucan aus der Hefezellwand, dem Milchs\u00e4urebakterium Lactobacillus paracasei MCC1849 und dem Sekund\u00e4ren Pflanzenstoff Quercetin zu einem nat\u00fcrlichen Immunaktivkomplex zusammenf\u00fchrt. Immun select Dr. Wolz ist sinnvoll f\u00fcr Menschen, die ihre k\u00f6rpereigene Abwehr unterst\u00fctzen m\u00f6chten, Sportler, die in Trainingsphasen ihr Immunsystem aufrechterhalten wollen, und Personen, die unter M\u00fcdigkeit und Ersch\u00f6pfung leiden.<\/p>\n","protected":false},"excerpt":{"rendered":"<p>Die Immunkapsel Immun select Dr. Wolz enth\u00e4lt eine innovative Mikron\u00e4hrstoffkombination, welche die wichtigen Immunsubstanzen und Antioxidantien sowie Vitamin C (aus der Acerolakirsche) und organisch gebundenes Zink mit dem Bioaktivstoff (1->3),(1->6)-Beta-D-Glucan aus der Hefezellwand, dem Milchs\u00e4urebakterium Lactobacillus paracasei MCC1849 und dem Sekund\u00e4ren Pflanzenstoff Quercetin zu einem nat\u00fcrlichen Immunaktivkomplex zusammenf\u00fchrt. Immun select Dr. Wolz ist sinnvoll f\u00fcr [&hellip;]<\/p>\n","protected":false},"featured_media":113324,"template":"","meta":{"_acf_changed":false},"product_brand":[],"product_cat":[295],"product_tag":[],"class_list":{"0":"post-113322","1":"product","2":"type-product","3":"status-publish","4":"has-post-thumbnail","6":"product_cat-d","7":"pa_packungsgroesse-120-stueck","9":"first","10":"instock","11":"shipping-taxable","12":"purchasable","13":"product-type-simple"},"acf":[],"_links":{"self":[{"href":"https:\/\/www.hirtenberg-apotheke.at\/katalog\/wp-json\/wp\/v2\/product\/113322","targetHints":{"allow":["GET"]}}],"collection":[{"href":"https:\/\/www.hirtenberg-apotheke.at\/katalog\/wp-json\/wp\/v2\/product"}],"about":[{"href":"https:\/\/www.hirtenberg-apotheke.at\/katalog\/wp-json\/wp\/v2\/types\/product"}],"wp:featuredmedia":[{"embeddable":true,"href":"https:\/\/www.hirtenberg-apotheke.at\/katalog\/wp-json\/wp\/v2\/media\/113324"}],"wp:attachment":[{"href":"https:\/\/www.hirtenberg-apotheke.at\/katalog\/wp-json\/wp\/v2\/media?parent=113322"}],"wp:term":[{"taxonomy":"product_brand","embeddable":true,"href":"https:\/\/www.hirtenberg-apotheke.at\/katalog\/wp-json\/wp\/v2\/product_brand?post=113322"},{"taxonomy":"product_cat","embeddable":true,"href":"https:\/\/www.hirtenberg-apotheke.at\/katalog\/wp-json\/wp\/v2\/product_cat?post=113322"},{"taxonomy":"product_tag","embeddable":true,"href":"https:\/\/www.hirtenberg-apotheke.at\/katalog\/wp-json\/wp\/v2\/product_tag?post=113322"}],"curies":[{"name":"wp","href":"https:\/\/api.w.org\/{rel}","templated":true}]}}