{"id":113340,"date":"2025-12-03T13:48:51","date_gmt":"2025-12-03T12:48:51","guid":{"rendered":"https:\/\/www.hirtenberg-apotheke.at\/katalog\/produkt\/sebamed-frische-deo-frisch-zerstaeuber-75-ml\/"},"modified":"2025-12-03T13:49:17","modified_gmt":"2025-12-03T12:49:17","slug":"sebamed-frische-deo-frisch-zerstaeuber-75-ml","status":"publish","type":"product","link":"https:\/\/www.hirtenberg-apotheke.at\/katalog\/produkt\/sebamed-frische-deo-frisch-zerstaeuber-75-ml\/","title":{"rendered":"Sebamed Frische Deo Frisch Zerst\u00e4uber 75 ml"},"content":{"rendered":"<p>Sebamed Frische Deo Frisch Zerst\u00e4uber gibt nachhaltige Frische und schont die empfindliche Haut. Der pH-Wert 5,5 f\u00f6rdert die Funktion der gesunden Haut. Dadurch wird die Hemmung von Geruchsbakterien unterst\u00fctzt. Besonders hautvertr\u00e4glich und ohne Aluminiumsalze.Enth\u00e4lt Alkohol. Entz\u00fcndlich. Nicht in die Augen spr\u00fchen.<\/p>\n","protected":false},"excerpt":{"rendered":"<p>Sebamed Frische Deo Frisch Zerst\u00e4uber gibt nachhaltige Frische und schont die empfindliche Haut. Der pH-Wert 5,5 f\u00f6rdert die Funktion der gesunden Haut. Dadurch wird die Hemmung von Geruchsbakterien unterst\u00fctzt. Besonders hautvertr\u00e4glich und ohne Aluminiumsalze.Enth\u00e4lt Alkohol. Entz\u00fcndlich. Nicht in die Augen spr\u00fchen.<\/p>\n","protected":false},"featured_media":113342,"template":"","meta":{"_acf_changed":false},"product_brand":[],"product_cat":[303],"product_tag":[],"class_list":{"0":"post-113340","1":"product","2":"type-product","3":"status-publish","4":"has-post-thumbnail","6":"product_cat-s","7":"pa_packungsgroesse-75ml","9":"first","10":"instock","11":"shipping-taxable","12":"purchasable","13":"product-type-simple"},"acf":[],"_links":{"self":[{"href":"https:\/\/www.hirtenberg-apotheke.at\/katalog\/wp-json\/wp\/v2\/product\/113340","targetHints":{"allow":["GET"]}}],"collection":[{"href":"https:\/\/www.hirtenberg-apotheke.at\/katalog\/wp-json\/wp\/v2\/product"}],"about":[{"href":"https:\/\/www.hirtenberg-apotheke.at\/katalog\/wp-json\/wp\/v2\/types\/product"}],"wp:featuredmedia":[{"embeddable":true,"href":"https:\/\/www.hirtenberg-apotheke.at\/katalog\/wp-json\/wp\/v2\/media\/113342"}],"wp:attachment":[{"href":"https:\/\/www.hirtenberg-apotheke.at\/katalog\/wp-json\/wp\/v2\/media?parent=113340"}],"wp:term":[{"taxonomy":"product_brand","embeddable":true,"href":"https:\/\/www.hirtenberg-apotheke.at\/katalog\/wp-json\/wp\/v2\/product_brand?post=113340"},{"taxonomy":"product_cat","embeddable":true,"href":"https:\/\/www.hirtenberg-apotheke.at\/katalog\/wp-json\/wp\/v2\/product_cat?post=113340"},{"taxonomy":"product_tag","embeddable":true,"href":"https:\/\/www.hirtenberg-apotheke.at\/katalog\/wp-json\/wp\/v2\/product_tag?post=113340"}],"curies":[{"name":"wp","href":"https:\/\/api.w.org\/{rel}","templated":true}]}}