{"id":11336,"date":"2025-11-25T14:24:17","date_gmt":"2025-11-25T13:24:17","guid":{"rendered":"https:\/\/www.hirtenberg-apotheke.at\/katalog\/produkt\/sanvita-atrosan-kapseln-160-stk\/"},"modified":"2025-11-25T14:24:20","modified_gmt":"2025-11-25T13:24:20","slug":"sanvita-atrosan-kapseln-160-stk","status":"publish","type":"product","link":"https:\/\/www.hirtenberg-apotheke.at\/katalog\/produkt\/sanvita-atrosan-kapseln-160-stk\/","title":{"rendered":"Sanvita Atrosan Kapseln 160 Stk."},"content":{"rendered":"<p>Hydrolisierte Gelatine und L-Cystin bilden das Aminos\u00e4urenspektrum von Atrosan, w\u00e4hrend Calcium, Vitamin E und Vitamin D die Knochen st\u00e4rken. Wirkt nicht nur Abnutzungserscheinungen entgegen sondern erzeugt auch einen sp\u00fcrbaren Anti-Aging-Effekt.<\/p>\n","protected":false},"excerpt":{"rendered":"<p>Hydrolisierte Gelatine und L-Cystin bilden das Aminos\u00e4urenspektrum von Atrosan, w\u00e4hrend Calcium, Vitamin E und Vitamin D die Knochen st\u00e4rken. Wirkt nicht nur Abnutzungserscheinungen entgegen sondern erzeugt auch einen sp\u00fcrbaren Anti-Aging-Effekt.<\/p>\n","protected":false},"featured_media":0,"template":"","meta":{"_acf_changed":false},"product_brand":[438],"product_cat":[303],"product_tag":[],"class_list":{"0":"post-11336","1":"product","2":"type-product","3":"status-publish","5":"product_brand-sanvita","6":"product_cat-s","7":"pa_packungsgroesse-160-stueck","9":"first","10":"instock","11":"shipping-taxable","12":"purchasable","13":"product-type-simple"},"acf":[],"_links":{"self":[{"href":"https:\/\/www.hirtenberg-apotheke.at\/katalog\/wp-json\/wp\/v2\/product\/11336","targetHints":{"allow":["GET"]}}],"collection":[{"href":"https:\/\/www.hirtenberg-apotheke.at\/katalog\/wp-json\/wp\/v2\/product"}],"about":[{"href":"https:\/\/www.hirtenberg-apotheke.at\/katalog\/wp-json\/wp\/v2\/types\/product"}],"wp:attachment":[{"href":"https:\/\/www.hirtenberg-apotheke.at\/katalog\/wp-json\/wp\/v2\/media?parent=11336"}],"wp:term":[{"taxonomy":"product_brand","embeddable":true,"href":"https:\/\/www.hirtenberg-apotheke.at\/katalog\/wp-json\/wp\/v2\/product_brand?post=11336"},{"taxonomy":"product_cat","embeddable":true,"href":"https:\/\/www.hirtenberg-apotheke.at\/katalog\/wp-json\/wp\/v2\/product_cat?post=11336"},{"taxonomy":"product_tag","embeddable":true,"href":"https:\/\/www.hirtenberg-apotheke.at\/katalog\/wp-json\/wp\/v2\/product_tag?post=11336"}],"curies":[{"name":"wp","href":"https:\/\/api.w.org\/{rel}","templated":true}]}}