{"id":113398,"date":"2025-12-03T13:51:28","date_gmt":"2025-12-03T12:51:28","guid":{"rendered":"https:\/\/www.hirtenberg-apotheke.at\/katalog\/produkt\/sinolpan-forte-magensaftresistente-weichkapseln-200-mg-21-stk\/"},"modified":"2025-12-03T13:51:48","modified_gmt":"2025-12-03T12:51:48","slug":"sinolpan-forte-magensaftresistente-weichkapseln-200-mg-21-stk","status":"publish","type":"product","link":"https:\/\/www.hirtenberg-apotheke.at\/katalog\/produkt\/sinolpan-forte-magensaftresistente-weichkapseln-200-mg-21-stk\/","title":{"rendered":"Sinolpan Forte magensaftresistente Weichkapseln 200 mg 21 Stk."},"content":{"rendered":"<p>Sinolpan Forte 200 mg sind magensaftresistente Weichkapseln mit dem Wirkstoff Cineol. Es verschafft abhilfe bei Erk\u00e4ltungskrankheiten der Atemwege, wie zum Beispiel der Nasennebenh\u00f6hlen (Sinusitis). Cineol reguliert die Sekretproduktion in den Nasennebenh\u00f6hlen und wirkt gleichzeitig gegen die Entz\u00fcndung. Die Kapseln sind besonders magenschonend, weil der Wirkstoff erst \u00fcber den Darm in den K\u00f6rper gelangt.<\/p>\n","protected":false},"excerpt":{"rendered":"<p>Sinolpan Forte 200 mg sind magensaftresistente Weichkapseln mit dem Wirkstoff Cineol. Es verschafft abhilfe bei Erk\u00e4ltungskrankheiten der Atemwege, wie zum Beispiel der Nasennebenh\u00f6hlen (Sinusitis). Cineol reguliert die Sekretproduktion in den Nasennebenh\u00f6hlen und wirkt gleichzeitig gegen die Entz\u00fcndung. Die Kapseln sind besonders magenschonend, weil der Wirkstoff erst \u00fcber den Darm in den K\u00f6rper gelangt.<\/p>\n","protected":false},"featured_media":113400,"template":"","meta":{"_acf_changed":false},"product_brand":[],"product_cat":[303],"product_tag":[],"class_list":{"0":"post-113398","1":"product","2":"type-product","3":"status-publish","4":"has-post-thumbnail","6":"product_cat-s","7":"pa_packungsgroesse-21-stueck","9":"first","10":"instock","11":"shipping-taxable","12":"purchasable","13":"product-type-simple"},"acf":[],"_links":{"self":[{"href":"https:\/\/www.hirtenberg-apotheke.at\/katalog\/wp-json\/wp\/v2\/product\/113398","targetHints":{"allow":["GET"]}}],"collection":[{"href":"https:\/\/www.hirtenberg-apotheke.at\/katalog\/wp-json\/wp\/v2\/product"}],"about":[{"href":"https:\/\/www.hirtenberg-apotheke.at\/katalog\/wp-json\/wp\/v2\/types\/product"}],"wp:featuredmedia":[{"embeddable":true,"href":"https:\/\/www.hirtenberg-apotheke.at\/katalog\/wp-json\/wp\/v2\/media\/113400"}],"wp:attachment":[{"href":"https:\/\/www.hirtenberg-apotheke.at\/katalog\/wp-json\/wp\/v2\/media?parent=113398"}],"wp:term":[{"taxonomy":"product_brand","embeddable":true,"href":"https:\/\/www.hirtenberg-apotheke.at\/katalog\/wp-json\/wp\/v2\/product_brand?post=113398"},{"taxonomy":"product_cat","embeddable":true,"href":"https:\/\/www.hirtenberg-apotheke.at\/katalog\/wp-json\/wp\/v2\/product_cat?post=113398"},{"taxonomy":"product_tag","embeddable":true,"href":"https:\/\/www.hirtenberg-apotheke.at\/katalog\/wp-json\/wp\/v2\/product_tag?post=113398"}],"curies":[{"name":"wp","href":"https:\/\/api.w.org\/{rel}","templated":true}]}}