{"id":113470,"date":"2025-12-03T13:54:26","date_gmt":"2025-12-03T12:54:26","guid":{"rendered":"https:\/\/www.hirtenberg-apotheke.at\/katalog\/produkt\/henna-plus-powder-100-g-mahogany\/"},"modified":"2025-12-03T13:54:49","modified_gmt":"2025-12-03T12:54:49","slug":"henna-plus-powder-100-g-mahogany","status":"publish","type":"product","link":"https:\/\/www.hirtenberg-apotheke.at\/katalog\/produkt\/henna-plus-powder-100-g-mahogany\/","title":{"rendered":"Henna Plus Powder 100 g Mahogany"},"content":{"rendered":"<p>Henna Plus Powder hinterl\u00e4sst einen warmen Glanz im Haar. Eine F\u00e4rbung mit diesem Produkt verleiht dem Haar extra Volumen und Spannkraft. Ideal f\u00fcr feines und mattes Haar. Nach einer Anwendung mit diesem Puder K\u00f6nnen F\u00e4rbungen aller Marken verwendet werden.Dieses Produkt ist erh\u00e4ltlich in den Farbt\u00f6nen Red, Super Red, Auburn, Mahagony, Dark Brown, Hazelnut und Goldblond.<\/p>\n","protected":false},"excerpt":{"rendered":"<p>Henna Plus Powder hinterl\u00e4sst einen warmen Glanz im Haar. Eine F\u00e4rbung mit diesem Produkt verleiht dem Haar extra Volumen und Spannkraft. Ideal f\u00fcr feines und mattes Haar. Nach einer Anwendung mit diesem Puder K\u00f6nnen F\u00e4rbungen aller Marken verwendet werden.Dieses Produkt ist erh\u00e4ltlich in den Farbt\u00f6nen Red, Super Red, Auburn, Mahagony, Dark Brown, Hazelnut und Goldblond.<\/p>\n","protected":false},"featured_media":113472,"template":"","meta":{"_acf_changed":false},"product_brand":[],"product_cat":[330],"product_tag":[],"class_list":{"0":"post-113470","1":"product","2":"type-product","3":"status-publish","4":"has-post-thumbnail","6":"product_cat-h","7":"pa_packungsgroesse-100g","9":"first","10":"instock","11":"shipping-taxable","12":"purchasable","13":"product-type-simple"},"acf":[],"_links":{"self":[{"href":"https:\/\/www.hirtenberg-apotheke.at\/katalog\/wp-json\/wp\/v2\/product\/113470","targetHints":{"allow":["GET"]}}],"collection":[{"href":"https:\/\/www.hirtenberg-apotheke.at\/katalog\/wp-json\/wp\/v2\/product"}],"about":[{"href":"https:\/\/www.hirtenberg-apotheke.at\/katalog\/wp-json\/wp\/v2\/types\/product"}],"wp:featuredmedia":[{"embeddable":true,"href":"https:\/\/www.hirtenberg-apotheke.at\/katalog\/wp-json\/wp\/v2\/media\/113472"}],"wp:attachment":[{"href":"https:\/\/www.hirtenberg-apotheke.at\/katalog\/wp-json\/wp\/v2\/media?parent=113470"}],"wp:term":[{"taxonomy":"product_brand","embeddable":true,"href":"https:\/\/www.hirtenberg-apotheke.at\/katalog\/wp-json\/wp\/v2\/product_brand?post=113470"},{"taxonomy":"product_cat","embeddable":true,"href":"https:\/\/www.hirtenberg-apotheke.at\/katalog\/wp-json\/wp\/v2\/product_cat?post=113470"},{"taxonomy":"product_tag","embeddable":true,"href":"https:\/\/www.hirtenberg-apotheke.at\/katalog\/wp-json\/wp\/v2\/product_tag?post=113470"}],"curies":[{"name":"wp","href":"https:\/\/api.w.org\/{rel}","templated":true}]}}