{"id":113512,"date":"2025-12-03T13:55:46","date_gmt":"2025-12-03T12:55:46","guid":{"rendered":"https:\/\/www.hirtenberg-apotheke.at\/katalog\/produkt\/plasma-liquid-para-probiotikum-lutschtabletten-30-stk\/"},"modified":"2025-12-03T13:56:30","modified_gmt":"2025-12-03T12:56:30","slug":"plasma-liquid-para-probiotikum-lutschtabletten-30-stk","status":"publish","type":"product","link":"https:\/\/www.hirtenberg-apotheke.at\/katalog\/produkt\/plasma-liquid-para-probiotikum-lutschtabletten-30-stk\/","title":{"rendered":"Plasma Liquid Para Probiotikum Lutschtabletten 30 Stk."},"content":{"rendered":"<p>Plasma Liquid Para Probiotikum Lutschtabletten unterst\u00fctzt die Erhaltung der physiologischen Mikroumgebung sowie des richtigen pH-Wertes in der Mundh\u00f6hle. Durch Inhaltsstoffe wie Hyalurons\u00e4ure und Milchs\u00e4urebakterien wird die Anhaftung pathogener Bakterien deutlich reduziert, die Lutschtabletten bilden einen Film und sch\u00fctzen so die Mundschleimhaut.<\/p>\n","protected":false},"excerpt":{"rendered":"<p>Plasma Liquid Para Probiotikum Lutschtabletten unterst\u00fctzt die Erhaltung der physiologischen Mikroumgebung sowie des richtigen pH-Wertes in der Mundh\u00f6hle. Durch Inhaltsstoffe wie Hyalurons\u00e4ure und Milchs\u00e4urebakterien wird die Anhaftung pathogener Bakterien deutlich reduziert, die Lutschtabletten bilden einen Film und sch\u00fctzen so die Mundschleimhaut.<\/p>\n","protected":false},"featured_media":113514,"template":"","meta":{"_acf_changed":false},"product_brand":[],"product_cat":[302],"product_tag":[],"class_list":{"0":"post-113512","1":"product","2":"type-product","3":"status-publish","4":"has-post-thumbnail","6":"product_cat-p","7":"pa_packungsgroesse-30-stueck","9":"first","10":"instock","11":"shipping-taxable","12":"purchasable","13":"product-type-simple"},"acf":[],"_links":{"self":[{"href":"https:\/\/www.hirtenberg-apotheke.at\/katalog\/wp-json\/wp\/v2\/product\/113512","targetHints":{"allow":["GET"]}}],"collection":[{"href":"https:\/\/www.hirtenberg-apotheke.at\/katalog\/wp-json\/wp\/v2\/product"}],"about":[{"href":"https:\/\/www.hirtenberg-apotheke.at\/katalog\/wp-json\/wp\/v2\/types\/product"}],"wp:featuredmedia":[{"embeddable":true,"href":"https:\/\/www.hirtenberg-apotheke.at\/katalog\/wp-json\/wp\/v2\/media\/113514"}],"wp:attachment":[{"href":"https:\/\/www.hirtenberg-apotheke.at\/katalog\/wp-json\/wp\/v2\/media?parent=113512"}],"wp:term":[{"taxonomy":"product_brand","embeddable":true,"href":"https:\/\/www.hirtenberg-apotheke.at\/katalog\/wp-json\/wp\/v2\/product_brand?post=113512"},{"taxonomy":"product_cat","embeddable":true,"href":"https:\/\/www.hirtenberg-apotheke.at\/katalog\/wp-json\/wp\/v2\/product_cat?post=113512"},{"taxonomy":"product_tag","embeddable":true,"href":"https:\/\/www.hirtenberg-apotheke.at\/katalog\/wp-json\/wp\/v2\/product_tag?post=113512"}],"curies":[{"name":"wp","href":"https:\/\/api.w.org\/{rel}","templated":true}]}}