{"id":113521,"date":"2025-12-03T13:56:29","date_gmt":"2025-12-03T12:56:29","guid":{"rendered":"https:\/\/www.hirtenberg-apotheke.at\/katalog\/produkt\/puressentiel-anti-stich-multi-beruhigender-roll-on-5-ml\/"},"modified":"2025-12-03T13:56:49","modified_gmt":"2025-12-03T12:56:49","slug":"puressentiel-anti-stich-multi-beruhigender-roll-on-5-ml","status":"publish","type":"product","link":"https:\/\/www.hirtenberg-apotheke.at\/katalog\/produkt\/puressentiel-anti-stich-multi-beruhigender-roll-on-5-ml\/","title":{"rendered":"Puressentiel Anti-Stich Multi-Beruhigender Roll-On 5 ml"},"content":{"rendered":"<p>Puressentiel Anti-Stich Multi-Beruhigender Roll-On 5 ml mit\u00e4therische \u00d6le \u00c4\u00d6BBD1 (\u00c4therische \u00d6le Biochemisch und Botanisch Definiert) &#8211; 100% pur &#038; nat\u00fcrlich. Wirkstoffe 100 % nat\u00fcrlichen Ursprungs2 &#8211; ohne Farbstoffe &#8211; ohne Konservierungsstoffe &#8211; ohne synthetische Duftstoffe &#8211; ohne Mineral\u00f6l.<\/p>\n","protected":false},"excerpt":{"rendered":"<p>Puressentiel Anti-Stich Multi-Beruhigender Roll-On 5 ml mit\u00e4therische \u00d6le \u00c4\u00d6BBD1 (\u00c4therische \u00d6le Biochemisch und Botanisch Definiert) &#8211; 100% pur &#038; nat\u00fcrlich. Wirkstoffe 100 % nat\u00fcrlichen Ursprungs2 &#8211; ohne Farbstoffe &#8211; ohne Konservierungsstoffe &#8211; ohne synthetische Duftstoffe &#8211; ohne Mineral\u00f6l.<\/p>\n","protected":false},"featured_media":113523,"template":"","meta":{"_acf_changed":false},"product_brand":[],"product_cat":[302],"product_tag":[],"class_list":{"0":"post-113521","1":"product","2":"type-product","3":"status-publish","4":"has-post-thumbnail","6":"product_cat-p","7":"pa_packungsgroesse-5ml","9":"first","10":"instock","11":"shipping-taxable","12":"purchasable","13":"product-type-simple"},"acf":[],"_links":{"self":[{"href":"https:\/\/www.hirtenberg-apotheke.at\/katalog\/wp-json\/wp\/v2\/product\/113521","targetHints":{"allow":["GET"]}}],"collection":[{"href":"https:\/\/www.hirtenberg-apotheke.at\/katalog\/wp-json\/wp\/v2\/product"}],"about":[{"href":"https:\/\/www.hirtenberg-apotheke.at\/katalog\/wp-json\/wp\/v2\/types\/product"}],"wp:featuredmedia":[{"embeddable":true,"href":"https:\/\/www.hirtenberg-apotheke.at\/katalog\/wp-json\/wp\/v2\/media\/113523"}],"wp:attachment":[{"href":"https:\/\/www.hirtenberg-apotheke.at\/katalog\/wp-json\/wp\/v2\/media?parent=113521"}],"wp:term":[{"taxonomy":"product_brand","embeddable":true,"href":"https:\/\/www.hirtenberg-apotheke.at\/katalog\/wp-json\/wp\/v2\/product_brand?post=113521"},{"taxonomy":"product_cat","embeddable":true,"href":"https:\/\/www.hirtenberg-apotheke.at\/katalog\/wp-json\/wp\/v2\/product_cat?post=113521"},{"taxonomy":"product_tag","embeddable":true,"href":"https:\/\/www.hirtenberg-apotheke.at\/katalog\/wp-json\/wp\/v2\/product_tag?post=113521"}],"curies":[{"name":"wp","href":"https:\/\/api.w.org\/{rel}","templated":true}]}}