{"id":113566,"date":"2025-12-03T13:57:54","date_gmt":"2025-12-03T12:57:54","guid":{"rendered":"https:\/\/www.hirtenberg-apotheke.at\/katalog\/produkt\/tetesept-magnesium-400-aktiv-tabletten-90-stk\/"},"modified":"2025-12-03T13:58:56","modified_gmt":"2025-12-03T12:58:56","slug":"tetesept-magnesium-400-aktiv-tabletten-90-stk","status":"publish","type":"product","link":"https:\/\/www.hirtenberg-apotheke.at\/katalog\/produkt\/tetesept-magnesium-400-aktiv-tabletten-90-stk\/","title":{"rendered":"tetesept Magnesium 400 aktiv Tabletten 90 Stk."},"content":{"rendered":"<p>tetesept Magnesium 400 aktiv Tabletten sind einfach zu schlucken und k\u00f6nnen zum Erhalt einer normalen Muskelfunktion beitragen und das Gef\u00fchl von M\u00fcdigkeit oder Ersch\u00f6pfung verringern.<\/p>\n","protected":false},"excerpt":{"rendered":"<p>tetesept Magnesium 400 aktiv Tabletten sind einfach zu schlucken und k\u00f6nnen zum Erhalt einer normalen Muskelfunktion beitragen und das Gef\u00fchl von M\u00fcdigkeit oder Ersch\u00f6pfung verringern.<\/p>\n","protected":false},"featured_media":113568,"template":"","meta":{"_acf_changed":false},"product_brand":[],"product_cat":[319],"product_tag":[],"class_list":{"0":"post-113566","1":"product","2":"type-product","3":"status-publish","4":"has-post-thumbnail","6":"product_cat-t","7":"pa_packungsgroesse-90-stueck","9":"first","10":"instock","11":"shipping-taxable","12":"purchasable","13":"product-type-simple"},"acf":[],"_links":{"self":[{"href":"https:\/\/www.hirtenberg-apotheke.at\/katalog\/wp-json\/wp\/v2\/product\/113566","targetHints":{"allow":["GET"]}}],"collection":[{"href":"https:\/\/www.hirtenberg-apotheke.at\/katalog\/wp-json\/wp\/v2\/product"}],"about":[{"href":"https:\/\/www.hirtenberg-apotheke.at\/katalog\/wp-json\/wp\/v2\/types\/product"}],"wp:featuredmedia":[{"embeddable":true,"href":"https:\/\/www.hirtenberg-apotheke.at\/katalog\/wp-json\/wp\/v2\/media\/113568"}],"wp:attachment":[{"href":"https:\/\/www.hirtenberg-apotheke.at\/katalog\/wp-json\/wp\/v2\/media?parent=113566"}],"wp:term":[{"taxonomy":"product_brand","embeddable":true,"href":"https:\/\/www.hirtenberg-apotheke.at\/katalog\/wp-json\/wp\/v2\/product_brand?post=113566"},{"taxonomy":"product_cat","embeddable":true,"href":"https:\/\/www.hirtenberg-apotheke.at\/katalog\/wp-json\/wp\/v2\/product_cat?post=113566"},{"taxonomy":"product_tag","embeddable":true,"href":"https:\/\/www.hirtenberg-apotheke.at\/katalog\/wp-json\/wp\/v2\/product_tag?post=113566"}],"curies":[{"name":"wp","href":"https:\/\/api.w.org\/{rel}","templated":true}]}}