{"id":113593,"date":"2025-12-03T13:59:56","date_gmt":"2025-12-03T12:59:56","guid":{"rendered":"https:\/\/www.hirtenberg-apotheke.at\/katalog\/produkt\/junek-vitamin-b6-kapseln-36-mg-30-stk\/"},"modified":"2025-12-03T14:00:28","modified_gmt":"2025-12-03T13:00:28","slug":"junek-vitamin-b6-kapseln-36-mg-30-stk","status":"publish","type":"product","link":"https:\/\/www.hirtenberg-apotheke.at\/katalog\/produkt\/junek-vitamin-b6-kapseln-36-mg-30-stk\/","title":{"rendered":"Junek Vitamin B6 Kapseln 3,6 mg 30 Stk."},"content":{"rendered":"<p>Vitamin B6 3,6 mg Kapseln von Junek ist ein Nahrungserg\u00e4nzungsmittel zur Deckung des t\u00e4glichen Bedarfs an Vitamin B6. Besonders bei Mangelern\u00e4hrung, Schwangerschaft oder systemischen Erkrankungen kann es zu einem erh\u00f6hten Bedarf an Vitamin B6 kommen. Die Junek Vitamin B6 Kapseln beugen einem Mangel an dem wasserl\u00f6slichen Vitamin vor, tragen zu einer normalen psychischen Funktion bei und Verringern M\u00fcdigkeit und Erm\u00fcdung.<\/p>\n","protected":false},"excerpt":{"rendered":"<p>Vitamin B6 3,6 mg Kapseln von Junek ist ein Nahrungserg\u00e4nzungsmittel zur Deckung des t\u00e4glichen Bedarfs an Vitamin B6. Besonders bei Mangelern\u00e4hrung, Schwangerschaft oder systemischen Erkrankungen kann es zu einem erh\u00f6hten Bedarf an Vitamin B6 kommen. Die Junek Vitamin B6 Kapseln beugen einem Mangel an dem wasserl\u00f6slichen Vitamin vor, tragen zu einer normalen psychischen Funktion bei [&hellip;]<\/p>\n","protected":false},"featured_media":113595,"template":"","meta":{"_acf_changed":false},"product_brand":[],"product_cat":[335],"product_tag":[],"class_list":{"0":"post-113593","1":"product","2":"type-product","3":"status-publish","4":"has-post-thumbnail","6":"product_cat-j","7":"pa_packungsgroesse-30-stueck","9":"first","10":"instock","11":"shipping-taxable","12":"purchasable","13":"product-type-simple"},"acf":[],"_links":{"self":[{"href":"https:\/\/www.hirtenberg-apotheke.at\/katalog\/wp-json\/wp\/v2\/product\/113593","targetHints":{"allow":["GET"]}}],"collection":[{"href":"https:\/\/www.hirtenberg-apotheke.at\/katalog\/wp-json\/wp\/v2\/product"}],"about":[{"href":"https:\/\/www.hirtenberg-apotheke.at\/katalog\/wp-json\/wp\/v2\/types\/product"}],"wp:featuredmedia":[{"embeddable":true,"href":"https:\/\/www.hirtenberg-apotheke.at\/katalog\/wp-json\/wp\/v2\/media\/113595"}],"wp:attachment":[{"href":"https:\/\/www.hirtenberg-apotheke.at\/katalog\/wp-json\/wp\/v2\/media?parent=113593"}],"wp:term":[{"taxonomy":"product_brand","embeddable":true,"href":"https:\/\/www.hirtenberg-apotheke.at\/katalog\/wp-json\/wp\/v2\/product_brand?post=113593"},{"taxonomy":"product_cat","embeddable":true,"href":"https:\/\/www.hirtenberg-apotheke.at\/katalog\/wp-json\/wp\/v2\/product_cat?post=113593"},{"taxonomy":"product_tag","embeddable":true,"href":"https:\/\/www.hirtenberg-apotheke.at\/katalog\/wp-json\/wp\/v2\/product_tag?post=113593"}],"curies":[{"name":"wp","href":"https:\/\/api.w.org\/{rel}","templated":true}]}}