{"id":113664,"date":"2025-12-03T14:03:18","date_gmt":"2025-12-03T13:03:18","guid":{"rendered":"https:\/\/www.hirtenberg-apotheke.at\/katalog\/produkt\/gall-pharma-taigawurzel-kapseln-60-stk\/"},"modified":"2025-12-03T14:03:57","modified_gmt":"2025-12-03T13:03:57","slug":"gall-pharma-taigawurzel-kapseln-60-stk","status":"publish","type":"product","link":"https:\/\/www.hirtenberg-apotheke.at\/katalog\/produkt\/gall-pharma-taigawurzel-kapseln-60-stk\/","title":{"rendered":"Gall Pharma Taigawurzel Kapseln 60 Stk."},"content":{"rendered":"<p>Eleutherococcus senticosus, Eleutherokokk-Wurzel oder auch Taiga-Wurzel genannt, geh\u00f6rt zur Familie der  Araliengew\u00e4chse (Araliaceae). Wegen des Vorkommens in Sibirien spricht man auch von der Taiga-Wurzel bzw. vom sibirischen Ginseng. Daneben ist die Pflanze in Japan, Korea und Nordchina beheimatet. Hauptinhaltsstoffe sind Lignane, Phenylpropanderivate, Cumarine, Saponine, Polysaccharide, Sterole und andere Verbindungen, die mit Eleutherosid A bis g bezeichnet werden. Verwendete Pflanzenteile sind die unterirdischen Organe. Die Taiga-Wurzel kommt gerne als Alternative zu Ginseng (Panax ginseng) zur Anwendung. Obwohl sich beide Pflanzen in ihren Inhaltsstoffen unterscheiden, sind die Einsatzgebiete \u00e4hnlich. Sie weisen adaptogene Eigenschaften auf, wodurch die Leistungsf\u00e4higkeit und Widerstandskraft sowie die Resistenz gegen Stress unspezifisch gesteigert werden soll.Taigawurzel GPH Kapseln enthalten 162,50 mg Taigawurzel-Extrakt in einer Hartgelatinekapsel. Der sogenannte sibirische Ginseng oder die Taiga-Wurzel wird in der Erfahrungsheilkunde seit langem zur Verbesserung der k\u00f6rpereigenen Abwehr gegen Infektionskrankheiten verwendet. Eleutherokokkus unterst\u00fctzt das Immunsystem, f\u00f6rdert die k\u00f6rperliche und geistige Leistungsf\u00e4higkeit und unterst\u00fctzt den Organismus bei  M\u00fcdigkeits- und Schw\u00e4chezust\u00e4nden sowie bei Rekonvaleszenz und im Alter.  Eleutherokokkus sollte kurm\u00e4\u00dfig \u00fcber die Dauer von ca. 30 Tagen angewendet werden. Nach einer Pause von zwei bis drei Wochen ist eine erneute Anwendung m\u00f6glich. Bei regelm\u00e4\u00dfiger Einnahme kann die Widerstandsf\u00e4higkeit gest\u00e4rkt, der Energiehaushalt ausgeglichen sowie die Anpassungsf\u00e4higkeit des Organismus an etwaige Belastungssituationen erh\u00f6ht werden.<\/p>\n","protected":false},"excerpt":{"rendered":"<p>Eleutherococcus senticosus, Eleutherokokk-Wurzel oder auch Taiga-Wurzel genannt, geh\u00f6rt zur Familie der Araliengew\u00e4chse (Araliaceae). Wegen des Vorkommens in Sibirien spricht man auch von der Taiga-Wurzel bzw. vom sibirischen Ginseng. Daneben ist die Pflanze in Japan, Korea und Nordchina beheimatet. Hauptinhaltsstoffe sind Lignane, Phenylpropanderivate, Cumarine, Saponine, Polysaccharide, Sterole und andere Verbindungen, die mit Eleutherosid A bis g [&hellip;]<\/p>\n","protected":false},"featured_media":113666,"template":"","meta":{"_acf_changed":false},"product_brand":[],"product_cat":[328],"product_tag":[],"class_list":{"0":"post-113664","1":"product","2":"type-product","3":"status-publish","4":"has-post-thumbnail","6":"product_cat-g","7":"pa_packungsgroesse-60-stueck","9":"first","10":"instock","11":"shipping-taxable","12":"purchasable","13":"product-type-simple"},"acf":[],"_links":{"self":[{"href":"https:\/\/www.hirtenberg-apotheke.at\/katalog\/wp-json\/wp\/v2\/product\/113664","targetHints":{"allow":["GET"]}}],"collection":[{"href":"https:\/\/www.hirtenberg-apotheke.at\/katalog\/wp-json\/wp\/v2\/product"}],"about":[{"href":"https:\/\/www.hirtenberg-apotheke.at\/katalog\/wp-json\/wp\/v2\/types\/product"}],"wp:featuredmedia":[{"embeddable":true,"href":"https:\/\/www.hirtenberg-apotheke.at\/katalog\/wp-json\/wp\/v2\/media\/113666"}],"wp:attachment":[{"href":"https:\/\/www.hirtenberg-apotheke.at\/katalog\/wp-json\/wp\/v2\/media?parent=113664"}],"wp:term":[{"taxonomy":"product_brand","embeddable":true,"href":"https:\/\/www.hirtenberg-apotheke.at\/katalog\/wp-json\/wp\/v2\/product_brand?post=113664"},{"taxonomy":"product_cat","embeddable":true,"href":"https:\/\/www.hirtenberg-apotheke.at\/katalog\/wp-json\/wp\/v2\/product_cat?post=113664"},{"taxonomy":"product_tag","embeddable":true,"href":"https:\/\/www.hirtenberg-apotheke.at\/katalog\/wp-json\/wp\/v2\/product_tag?post=113664"}],"curies":[{"name":"wp","href":"https:\/\/api.w.org\/{rel}","templated":true}]}}