{"id":113687,"date":"2025-12-03T14:05:00","date_gmt":"2025-12-03T13:05:00","guid":{"rendered":"https:\/\/www.hirtenberg-apotheke.at\/katalog\/produkt\/cellona-gipsbinden-3-m-x-20-cm-10-stk\/"},"modified":"2025-12-03T14:05:06","modified_gmt":"2025-12-03T13:05:06","slug":"cellona-gipsbinden-3-m-x-20-cm-10-stk","status":"publish","type":"product","link":"https:\/\/www.hirtenberg-apotheke.at\/katalog\/produkt\/cellona-gipsbinden-3-m-x-20-cm-10-stk\/","title":{"rendered":"Cellona Gipsbinden 3 m x 20 cm 10 Stk."},"content":{"rendered":"<p>Cellona Gipsbinden vereinen Stabilit\u00e4t und Anlegekomfort und sind in ihrer Anmodellierung feincremig undanschmiegsam. Sie bieten Vielf\u00e4ltigkeit f\u00fcr flexible Gipsverb\u00e4nde und erm\u00f6glichen eine zeitsparende Anwendung plus eine einfache Anpassung an die entscheidende K\u00f6rperstelle. Dazu besitzen sie eine verh\u00e4ltnism\u00e4\u00dfig kurze Tauchdauer und erm\u00f6glichen eine schnelle Durchfeuchtung.<\/p>\n","protected":false},"excerpt":{"rendered":"<p>Cellona Gipsbinden vereinen Stabilit\u00e4t und Anlegekomfort und sind in ihrer Anmodellierung feincremig undanschmiegsam. Sie bieten Vielf\u00e4ltigkeit f\u00fcr flexible Gipsverb\u00e4nde und erm\u00f6glichen eine zeitsparende Anwendung plus eine einfache Anpassung an die entscheidende K\u00f6rperstelle. Dazu besitzen sie eine verh\u00e4ltnism\u00e4\u00dfig kurze Tauchdauer und erm\u00f6glichen eine schnelle Durchfeuchtung.<\/p>\n","protected":false},"featured_media":0,"template":"","meta":{"_acf_changed":false},"product_brand":[],"product_cat":[337],"product_tag":[],"class_list":{"0":"post-113687","1":"product","2":"type-product","3":"status-publish","5":"product_cat-c","6":"pa_packungsgroesse-10-stueck","8":"first","9":"instock","10":"shipping-taxable","11":"purchasable","12":"product-type-simple"},"acf":[],"_links":{"self":[{"href":"https:\/\/www.hirtenberg-apotheke.at\/katalog\/wp-json\/wp\/v2\/product\/113687","targetHints":{"allow":["GET"]}}],"collection":[{"href":"https:\/\/www.hirtenberg-apotheke.at\/katalog\/wp-json\/wp\/v2\/product"}],"about":[{"href":"https:\/\/www.hirtenberg-apotheke.at\/katalog\/wp-json\/wp\/v2\/types\/product"}],"wp:attachment":[{"href":"https:\/\/www.hirtenberg-apotheke.at\/katalog\/wp-json\/wp\/v2\/media?parent=113687"}],"wp:term":[{"taxonomy":"product_brand","embeddable":true,"href":"https:\/\/www.hirtenberg-apotheke.at\/katalog\/wp-json\/wp\/v2\/product_brand?post=113687"},{"taxonomy":"product_cat","embeddable":true,"href":"https:\/\/www.hirtenberg-apotheke.at\/katalog\/wp-json\/wp\/v2\/product_cat?post=113687"},{"taxonomy":"product_tag","embeddable":true,"href":"https:\/\/www.hirtenberg-apotheke.at\/katalog\/wp-json\/wp\/v2\/product_tag?post=113687"}],"curies":[{"name":"wp","href":"https:\/\/api.w.org\/{rel}","templated":true}]}}