{"id":113711,"date":"2025-12-03T14:06:05","date_gmt":"2025-12-03T13:06:05","guid":{"rendered":"https:\/\/www.hirtenberg-apotheke.at\/katalog\/produkt\/panelast-pflasterbinde-25m-x-6cm-1-stk\/"},"modified":"2025-12-03T14:06:35","modified_gmt":"2025-12-03T13:06:35","slug":"panelast-pflasterbinde-25m-x-6cm-1-stk","status":"publish","type":"product","link":"https:\/\/www.hirtenberg-apotheke.at\/katalog\/produkt\/panelast-pflasterbinde-25m-x-6cm-1-stk\/","title":{"rendered":"Panelast Pflasterbinde 2,5m x 6cm 1 Stk."},"content":{"rendered":"<p>Panelast Pflasterbinde ist eine L\u00e4ngs- und querelastische Pflasterbinde zur Kompression der Extremit\u00e4ten (Dauerverb\u00e4nde) in der Phlebologie und als Grundlage oder Verankerung f\u00fcr Tape-Applikationen in der Traumatologie und Sportmedizin. Au\u00dferdem st\u00fctzt und entlastet sie bei Distorsionen, Kontusionen und Luxationen und wird so auch zur Nachsorge bei Frakturen eingesetzt. Das por\u00f6s kleberbeschichtete Gewebe ist luft- und wasserdampfdurchl\u00e4ssig und bietet daher eine gute Ventilation \u2013 auch bei \u00fcbergreifenden Bindetouren.<\/p>\n","protected":false},"excerpt":{"rendered":"<p>Panelast Pflasterbinde ist eine L\u00e4ngs- und querelastische Pflasterbinde zur Kompression der Extremit\u00e4ten (Dauerverb\u00e4nde) in der Phlebologie und als Grundlage oder Verankerung f\u00fcr Tape-Applikationen in der Traumatologie und Sportmedizin. Au\u00dferdem st\u00fctzt und entlastet sie bei Distorsionen, Kontusionen und Luxationen und wird so auch zur Nachsorge bei Frakturen eingesetzt. Das por\u00f6s kleberbeschichtete Gewebe ist luft- und wasserdampfdurchl\u00e4ssig [&hellip;]<\/p>\n","protected":false},"featured_media":0,"template":"","meta":{"_acf_changed":false},"product_brand":[],"product_cat":[302],"product_tag":[],"class_list":{"0":"post-113711","1":"product","2":"type-product","3":"status-publish","5":"product_cat-p","6":"pa_packungsgroesse-1-stueck","8":"first","9":"instock","10":"shipping-taxable","11":"purchasable","12":"product-type-simple"},"acf":[],"_links":{"self":[{"href":"https:\/\/www.hirtenberg-apotheke.at\/katalog\/wp-json\/wp\/v2\/product\/113711","targetHints":{"allow":["GET"]}}],"collection":[{"href":"https:\/\/www.hirtenberg-apotheke.at\/katalog\/wp-json\/wp\/v2\/product"}],"about":[{"href":"https:\/\/www.hirtenberg-apotheke.at\/katalog\/wp-json\/wp\/v2\/types\/product"}],"wp:attachment":[{"href":"https:\/\/www.hirtenberg-apotheke.at\/katalog\/wp-json\/wp\/v2\/media?parent=113711"}],"wp:term":[{"taxonomy":"product_brand","embeddable":true,"href":"https:\/\/www.hirtenberg-apotheke.at\/katalog\/wp-json\/wp\/v2\/product_brand?post=113711"},{"taxonomy":"product_cat","embeddable":true,"href":"https:\/\/www.hirtenberg-apotheke.at\/katalog\/wp-json\/wp\/v2\/product_cat?post=113711"},{"taxonomy":"product_tag","embeddable":true,"href":"https:\/\/www.hirtenberg-apotheke.at\/katalog\/wp-json\/wp\/v2\/product_tag?post=113711"}],"curies":[{"name":"wp","href":"https:\/\/api.w.org\/{rel}","templated":true}]}}