{"id":113726,"date":"2025-12-03T14:10:14","date_gmt":"2025-12-03T13:10:14","guid":{"rendered":"https:\/\/www.hirtenberg-apotheke.at\/katalog\/produkt\/maimed-schlitzkompressen-5x5-cm-12fach-steril-100-stk\/"},"modified":"2025-12-03T14:11:45","modified_gmt":"2025-12-03T13:11:45","slug":"maimed-schlitzkompressen-5x5-cm-12fach-steril-100-stk","status":"publish","type":"product","link":"https:\/\/www.hirtenberg-apotheke.at\/katalog\/produkt\/maimed-schlitzkompressen-5x5-cm-12fach-steril-100-stk\/","title":{"rendered":"MaiMed Schlitzkompressen 5&#215;5 cm 12fach steril 100 Stk."},"content":{"rendered":"<p>Die MaiMed Schlitzkompressen dienen der \u00e4u\u00dferen Versorgung von Wunden. Sie bestehen aus extra weichem Vliesstoff, sind sehr saugf\u00e4hig, luftundurchl\u00e4ssig und hautfreundlich.<\/p>\n","protected":false},"excerpt":{"rendered":"<p>Die MaiMed Schlitzkompressen dienen der \u00e4u\u00dferen Versorgung von Wunden. Sie bestehen aus extra weichem Vliesstoff, sind sehr saugf\u00e4hig, luftundurchl\u00e4ssig und hautfreundlich.<\/p>\n","protected":false},"featured_media":0,"template":"","meta":{"_acf_changed":false},"product_brand":[],"product_cat":[308],"product_tag":[],"class_list":{"0":"post-113726","1":"product","2":"type-product","3":"status-publish","5":"product_cat-m","6":"pa_packungsgroesse-100-stueck","8":"first","9":"instock","10":"shipping-taxable","11":"purchasable","12":"product-type-simple"},"acf":[],"_links":{"self":[{"href":"https:\/\/www.hirtenberg-apotheke.at\/katalog\/wp-json\/wp\/v2\/product\/113726","targetHints":{"allow":["GET"]}}],"collection":[{"href":"https:\/\/www.hirtenberg-apotheke.at\/katalog\/wp-json\/wp\/v2\/product"}],"about":[{"href":"https:\/\/www.hirtenberg-apotheke.at\/katalog\/wp-json\/wp\/v2\/types\/product"}],"wp:attachment":[{"href":"https:\/\/www.hirtenberg-apotheke.at\/katalog\/wp-json\/wp\/v2\/media?parent=113726"}],"wp:term":[{"taxonomy":"product_brand","embeddable":true,"href":"https:\/\/www.hirtenberg-apotheke.at\/katalog\/wp-json\/wp\/v2\/product_brand?post=113726"},{"taxonomy":"product_cat","embeddable":true,"href":"https:\/\/www.hirtenberg-apotheke.at\/katalog\/wp-json\/wp\/v2\/product_cat?post=113726"},{"taxonomy":"product_tag","embeddable":true,"href":"https:\/\/www.hirtenberg-apotheke.at\/katalog\/wp-json\/wp\/v2\/product_tag?post=113726"}],"curies":[{"name":"wp","href":"https:\/\/api.w.org\/{rel}","templated":true}]}}