{"id":113792,"date":"2025-12-03T14:50:39","date_gmt":"2025-12-03T13:50:39","guid":{"rendered":"https:\/\/www.hirtenberg-apotheke.at\/katalog\/produkt\/aqveo-sulf-kuehlend-200-ml\/"},"modified":"2025-12-03T14:50:42","modified_gmt":"2025-12-03T13:50:42","slug":"aqveo-sulf-kuehlend-200-ml","status":"publish","type":"product","link":"https:\/\/www.hirtenberg-apotheke.at\/katalog\/produkt\/aqveo-sulf-kuehlend-200-ml\/","title":{"rendered":"Aqveo Sulf k\u00fchlend 200 ml"},"content":{"rendered":"<p>Das k\u00fchlende \u00d6l mit Methylsalicylat eignet sich hervorragend als Unterst\u00fctzung der Therapie f\u00fcr Knie-, und Miniskusbeschwerden, Abn\u00fctzungserscheinungen, Prellungen, Stumpfe Verletzungen oder Tennisarm oder Tennisellenbogen.<\/p>\n","protected":false},"excerpt":{"rendered":"<p>Das k\u00fchlende \u00d6l mit Methylsalicylat eignet sich hervorragend als Unterst\u00fctzung der Therapie f\u00fcr Knie-, und Miniskusbeschwerden, Abn\u00fctzungserscheinungen, Prellungen, Stumpfe Verletzungen oder Tennisarm oder Tennisellenbogen.<\/p>\n","protected":false},"featured_media":0,"template":"","meta":{"_acf_changed":false},"product_brand":[],"product_cat":[299],"product_tag":[],"class_list":{"0":"post-113792","1":"product","2":"type-product","3":"status-publish","5":"product_cat-a","6":"pa_packungsgroesse-200ml","8":"first","9":"instock","10":"shipping-taxable","11":"purchasable","12":"product-type-simple"},"acf":[],"_links":{"self":[{"href":"https:\/\/www.hirtenberg-apotheke.at\/katalog\/wp-json\/wp\/v2\/product\/113792","targetHints":{"allow":["GET"]}}],"collection":[{"href":"https:\/\/www.hirtenberg-apotheke.at\/katalog\/wp-json\/wp\/v2\/product"}],"about":[{"href":"https:\/\/www.hirtenberg-apotheke.at\/katalog\/wp-json\/wp\/v2\/types\/product"}],"wp:attachment":[{"href":"https:\/\/www.hirtenberg-apotheke.at\/katalog\/wp-json\/wp\/v2\/media?parent=113792"}],"wp:term":[{"taxonomy":"product_brand","embeddable":true,"href":"https:\/\/www.hirtenberg-apotheke.at\/katalog\/wp-json\/wp\/v2\/product_brand?post=113792"},{"taxonomy":"product_cat","embeddable":true,"href":"https:\/\/www.hirtenberg-apotheke.at\/katalog\/wp-json\/wp\/v2\/product_cat?post=113792"},{"taxonomy":"product_tag","embeddable":true,"href":"https:\/\/www.hirtenberg-apotheke.at\/katalog\/wp-json\/wp\/v2\/product_tag?post=113792"}],"curies":[{"name":"wp","href":"https:\/\/api.w.org\/{rel}","templated":true}]}}