{"id":113896,"date":"2025-12-03T14:54:50","date_gmt":"2025-12-03T13:54:50","guid":{"rendered":"https:\/\/www.hirtenberg-apotheke.at\/katalog\/produkt\/ohrkerze-somo-2-stk-erwachsen\/"},"modified":"2025-12-03T14:54:52","modified_gmt":"2025-12-03T13:54:52","slug":"ohrkerze-somo-2-stk-erwachsen","status":"publish","type":"product","link":"https:\/\/www.hirtenberg-apotheke.at\/katalog\/produkt\/ohrkerze-somo-2-stk-erwachsen\/","title":{"rendered":"Ohrkerze Somo 2 Stk. Erwachsen"},"content":{"rendered":"<p>Die Ohrkerze ist ein von Naturv\u00f6lkern und unseren Urgro\u00dfeltern vielfach angewendetes Naturmittel (Hausmittel), dessen Anwendung nicht nur ein befreiendes Gef\u00fchl f\u00fcr Kopf und Ohren bringt, sondern auch teilweise verbl\u00fcffende Erfolge bei St\u00f6rungen im Nebenh\u00f6hlenbereich, bei diffusen Ohrger\u00e4uschen, Ohrensausen, Ohrenschmerzen, chronischen Ohrbeschwerden, H\u00f6rschw\u00e4chen (akut oder altersbedingt), Kopfdruck, Migr\u00e4ne, Durchblutungsst\u00f6rung der Ohren, Schnupfen, Stockschnupfen, Lymphstauungen im Hals- und Nackenbereich. Die Strahlen der Flamme bringen Reinigung und W\u00e4rme in Deine Aura in diesem K\u00f6rperbereich. Aus 100% reinem \u00f6sterreichischem Bienenwachs aus Tirol..<\/p>\n","protected":false},"excerpt":{"rendered":"<p>Die Ohrkerze ist ein von Naturv\u00f6lkern und unseren Urgro\u00dfeltern vielfach angewendetes Naturmittel (Hausmittel), dessen Anwendung nicht nur ein befreiendes Gef\u00fchl f\u00fcr Kopf und Ohren bringt, sondern auch teilweise verbl\u00fcffende Erfolge bei St\u00f6rungen im Nebenh\u00f6hlenbereich, bei diffusen Ohrger\u00e4uschen, Ohrensausen, Ohrenschmerzen, chronischen Ohrbeschwerden, H\u00f6rschw\u00e4chen (akut oder altersbedingt), Kopfdruck, Migr\u00e4ne, Durchblutungsst\u00f6rung der Ohren, Schnupfen, Stockschnupfen, Lymphstauungen im Hals- [&hellip;]<\/p>\n","protected":false},"featured_media":0,"template":"","meta":{"_acf_changed":false},"product_brand":[],"product_cat":[349],"product_tag":[],"class_list":{"0":"post-113896","1":"product","2":"type-product","3":"status-publish","5":"product_cat-o","6":"pa_packungsgroesse-2-stueck","8":"first","9":"instock","10":"shipping-taxable","11":"purchasable","12":"product-type-simple"},"acf":[],"_links":{"self":[{"href":"https:\/\/www.hirtenberg-apotheke.at\/katalog\/wp-json\/wp\/v2\/product\/113896","targetHints":{"allow":["GET"]}}],"collection":[{"href":"https:\/\/www.hirtenberg-apotheke.at\/katalog\/wp-json\/wp\/v2\/product"}],"about":[{"href":"https:\/\/www.hirtenberg-apotheke.at\/katalog\/wp-json\/wp\/v2\/types\/product"}],"wp:attachment":[{"href":"https:\/\/www.hirtenberg-apotheke.at\/katalog\/wp-json\/wp\/v2\/media?parent=113896"}],"wp:term":[{"taxonomy":"product_brand","embeddable":true,"href":"https:\/\/www.hirtenberg-apotheke.at\/katalog\/wp-json\/wp\/v2\/product_brand?post=113896"},{"taxonomy":"product_cat","embeddable":true,"href":"https:\/\/www.hirtenberg-apotheke.at\/katalog\/wp-json\/wp\/v2\/product_cat?post=113896"},{"taxonomy":"product_tag","embeddable":true,"href":"https:\/\/www.hirtenberg-apotheke.at\/katalog\/wp-json\/wp\/v2\/product_tag?post=113896"}],"curies":[{"name":"wp","href":"https:\/\/api.w.org\/{rel}","templated":true}]}}