{"id":113915,"date":"2025-12-03T14:55:59","date_gmt":"2025-12-03T13:55:59","guid":{"rendered":"https:\/\/www.hirtenberg-apotheke.at\/katalog\/produkt\/thermometer-digi-huelle-ohne-gleitmittel-100-stk\/"},"modified":"2025-12-03T14:56:21","modified_gmt":"2025-12-03T13:56:21","slug":"thermometer-digi-huelle-ohne-gleitmittel-100-stk","status":"publish","type":"product","link":"https:\/\/www.hirtenberg-apotheke.at\/katalog\/produkt\/thermometer-digi-huelle-ohne-gleitmittel-100-stk\/","title":{"rendered":"Thermometer Digi H\u00fclle ohne Gleitmittel 100 Stk."},"content":{"rendered":"<p>Thermometer Digi H\u00fclle ohne Gleitmittel ist der hygienische Schutz f\u00fcr digitale Fieberthermometer. Die hauchd\u00fcnne und besonders weiche Fieberthermometer-H\u00fclle st\u00fclpt sich beim Abstreifen automatisch nach innen, wodurch dieses hohe Ma\u00df an Sauberkeit gew\u00e4hrleistet wird.<\/p>\n","protected":false},"excerpt":{"rendered":"<p>Thermometer Digi H\u00fclle ohne Gleitmittel ist der hygienische Schutz f\u00fcr digitale Fieberthermometer. Die hauchd\u00fcnne und besonders weiche Fieberthermometer-H\u00fclle st\u00fclpt sich beim Abstreifen automatisch nach innen, wodurch dieses hohe Ma\u00df an Sauberkeit gew\u00e4hrleistet wird.<\/p>\n","protected":false},"featured_media":0,"template":"","meta":{"_acf_changed":false},"product_brand":[],"product_cat":[319],"product_tag":[],"class_list":{"0":"post-113915","1":"product","2":"type-product","3":"status-publish","5":"product_cat-t","6":"pa_packungsgroesse-100-stueck","8":"first","9":"instock","10":"shipping-taxable","11":"purchasable","12":"product-type-simple"},"acf":[],"_links":{"self":[{"href":"https:\/\/www.hirtenberg-apotheke.at\/katalog\/wp-json\/wp\/v2\/product\/113915","targetHints":{"allow":["GET"]}}],"collection":[{"href":"https:\/\/www.hirtenberg-apotheke.at\/katalog\/wp-json\/wp\/v2\/product"}],"about":[{"href":"https:\/\/www.hirtenberg-apotheke.at\/katalog\/wp-json\/wp\/v2\/types\/product"}],"wp:attachment":[{"href":"https:\/\/www.hirtenberg-apotheke.at\/katalog\/wp-json\/wp\/v2\/media?parent=113915"}],"wp:term":[{"taxonomy":"product_brand","embeddable":true,"href":"https:\/\/www.hirtenberg-apotheke.at\/katalog\/wp-json\/wp\/v2\/product_brand?post=113915"},{"taxonomy":"product_cat","embeddable":true,"href":"https:\/\/www.hirtenberg-apotheke.at\/katalog\/wp-json\/wp\/v2\/product_cat?post=113915"},{"taxonomy":"product_tag","embeddable":true,"href":"https:\/\/www.hirtenberg-apotheke.at\/katalog\/wp-json\/wp\/v2\/product_tag?post=113915"}],"curies":[{"name":"wp","href":"https:\/\/api.w.org\/{rel}","templated":true}]}}