{"id":113917,"date":"2025-12-03T14:56:20","date_gmt":"2025-12-03T13:56:20","guid":{"rendered":"https:\/\/www.hirtenberg-apotheke.at\/katalog\/produkt\/ueberschuhe-pvc-frei-100-stk\/"},"modified":"2025-12-03T14:56:22","modified_gmt":"2025-12-03T13:56:22","slug":"ueberschuhe-pvc-frei-100-stk","status":"publish","type":"product","link":"https:\/\/www.hirtenberg-apotheke.at\/katalog\/produkt\/ueberschuhe-pvc-frei-100-stk\/","title":{"rendered":"\u00dcberschuhe PVC-frei 100 Stk."},"content":{"rendered":"<p>\u00dcberschuhe PVC-frei sind OP-\u00dcberschuhe mit Einsatzbereich in Labor, Klinik und der Lebensmittelindustrie. PVC-Frei.<\/p>\n","protected":false},"excerpt":{"rendered":"<p>\u00dcberschuhe PVC-frei sind OP-\u00dcberschuhe mit Einsatzbereich in Labor, Klinik und der Lebensmittelindustrie. PVC-Frei.<\/p>\n","protected":false},"featured_media":0,"template":"","meta":{"_acf_changed":false},"product_brand":[],"product_cat":[299],"product_tag":[],"class_list":{"0":"post-113917","1":"product","2":"type-product","3":"status-publish","5":"product_cat-a","6":"pa_packungsgroesse-100-stueck","8":"first","9":"instock","10":"shipping-taxable","11":"purchasable","12":"product-type-simple"},"acf":[],"_links":{"self":[{"href":"https:\/\/www.hirtenberg-apotheke.at\/katalog\/wp-json\/wp\/v2\/product\/113917","targetHints":{"allow":["GET"]}}],"collection":[{"href":"https:\/\/www.hirtenberg-apotheke.at\/katalog\/wp-json\/wp\/v2\/product"}],"about":[{"href":"https:\/\/www.hirtenberg-apotheke.at\/katalog\/wp-json\/wp\/v2\/types\/product"}],"wp:attachment":[{"href":"https:\/\/www.hirtenberg-apotheke.at\/katalog\/wp-json\/wp\/v2\/media?parent=113917"}],"wp:term":[{"taxonomy":"product_brand","embeddable":true,"href":"https:\/\/www.hirtenberg-apotheke.at\/katalog\/wp-json\/wp\/v2\/product_brand?post=113917"},{"taxonomy":"product_cat","embeddable":true,"href":"https:\/\/www.hirtenberg-apotheke.at\/katalog\/wp-json\/wp\/v2\/product_cat?post=113917"},{"taxonomy":"product_tag","embeddable":true,"href":"https:\/\/www.hirtenberg-apotheke.at\/katalog\/wp-json\/wp\/v2\/product_tag?post=113917"}],"curies":[{"name":"wp","href":"https:\/\/api.w.org\/{rel}","templated":true}]}}