{"id":113933,"date":"2025-12-03T14:56:53","date_gmt":"2025-12-03T13:56:53","guid":{"rendered":"https:\/\/www.hirtenberg-apotheke.at\/katalog\/produkt\/nasen-ballon-angel-vac-1-pkg\/"},"modified":"2025-12-03T14:58:06","modified_gmt":"2025-12-03T13:58:06","slug":"nasen-ballon-angel-vac-1-pkg","status":"publish","type":"product","link":"https:\/\/www.hirtenberg-apotheke.at\/katalog\/produkt\/nasen-ballon-angel-vac-1-pkg\/","title":{"rendered":"Nasen Ballon Angel-Vac 1 Pkg."},"content":{"rendered":"<p>Nasen Ballon Angel-Vac stellt bei Bel\u00fcftungsst\u00f6rungen des Mittelohres auf nat\u00fcrliche Weise den Druckausgleich wieder her. Der Angel-Vac Nasenballon wirkt bei H\u00f6rdefizit nach Schnupfen, bei unangenehmem Druck im Ohr (z.B. beim Fliegen) sowie bei akutem und chronischem Paukenerguss.<\/p>\n","protected":false},"excerpt":{"rendered":"<p>Nasen Ballon Angel-Vac stellt bei Bel\u00fcftungsst\u00f6rungen des Mittelohres auf nat\u00fcrliche Weise den Druckausgleich wieder her. Der Angel-Vac Nasenballon wirkt bei H\u00f6rdefizit nach Schnupfen, bei unangenehmem Druck im Ohr (z.B. beim Fliegen) sowie bei akutem und chronischem Paukenerguss.<\/p>\n","protected":false},"featured_media":0,"template":"","meta":{"_acf_changed":false},"product_brand":[],"product_cat":[310],"product_tag":[],"class_list":{"0":"post-113933","1":"product","2":"type-product","3":"status-publish","5":"product_cat-n","6":"pa_packungsgroesse-1-stueck","8":"first","9":"instock","10":"shipping-taxable","11":"purchasable","12":"product-type-simple"},"acf":[],"_links":{"self":[{"href":"https:\/\/www.hirtenberg-apotheke.at\/katalog\/wp-json\/wp\/v2\/product\/113933","targetHints":{"allow":["GET"]}}],"collection":[{"href":"https:\/\/www.hirtenberg-apotheke.at\/katalog\/wp-json\/wp\/v2\/product"}],"about":[{"href":"https:\/\/www.hirtenberg-apotheke.at\/katalog\/wp-json\/wp\/v2\/types\/product"}],"wp:attachment":[{"href":"https:\/\/www.hirtenberg-apotheke.at\/katalog\/wp-json\/wp\/v2\/media?parent=113933"}],"wp:term":[{"taxonomy":"product_brand","embeddable":true,"href":"https:\/\/www.hirtenberg-apotheke.at\/katalog\/wp-json\/wp\/v2\/product_brand?post=113933"},{"taxonomy":"product_cat","embeddable":true,"href":"https:\/\/www.hirtenberg-apotheke.at\/katalog\/wp-json\/wp\/v2\/product_cat?post=113933"},{"taxonomy":"product_tag","embeddable":true,"href":"https:\/\/www.hirtenberg-apotheke.at\/katalog\/wp-json\/wp\/v2\/product_tag?post=113933"}],"curies":[{"name":"wp","href":"https:\/\/api.w.org\/{rel}","templated":true}]}}