{"id":114063,"date":"2025-12-03T15:03:55","date_gmt":"2025-12-03T14:03:55","guid":{"rendered":"https:\/\/www.hirtenberg-apotheke.at\/katalog\/produkt\/phyto-phytodetox-erfrischendes-spray-150-ml\/"},"modified":"2025-12-03T15:04:18","modified_gmt":"2025-12-03T14:04:18","slug":"phyto-phytodetox-erfrischendes-spray-150-ml","status":"publish","type":"product","link":"https:\/\/www.hirtenberg-apotheke.at\/katalog\/produkt\/phyto-phytodetox-erfrischendes-spray-150-ml\/","title":{"rendered":"Phyto Phytodetox Erfrischendes Spray 150 ml"},"content":{"rendered":"<p>Umweltverschmutzung, Stress, freie Radikale, hartes Wasser\u2026 Unsere Haare und Kopfhaut m\u00fcssen so einiges aushalten. Der dritte Schritt deines Rituals f\u00fcr saubere Haare und Kopfhaut &#8211; als t\u00e4gliches Haar-Detox-Ritual ist dieses Leave-in-Spray ideal geeignet, um das Haar t\u00e4glich sauber und frisch zu halten.Das Spray neurtralisiert unerw\u00fcnschte Ger\u00fcche (z, B, durch Tabakrauch, Abgase oder Essen) und verhindert, dass sich die Ger\u00fcche im Haar festsetzen. Seine leichte Textur mit Eukalyptus\u00f6l und Kumquat verleiht dem Haar zus\u00e4tzlich Leichtigkeit, Reinheit und Frische.<\/p>\n","protected":false},"excerpt":{"rendered":"<p>Umweltverschmutzung, Stress, freie Radikale, hartes Wasser\u2026 Unsere Haare und Kopfhaut m\u00fcssen so einiges aushalten. Der dritte Schritt deines Rituals f\u00fcr saubere Haare und Kopfhaut &#8211; als t\u00e4gliches Haar-Detox-Ritual ist dieses Leave-in-Spray ideal geeignet, um das Haar t\u00e4glich sauber und frisch zu halten.Das Spray neurtralisiert unerw\u00fcnschte Ger\u00fcche (z, B, durch Tabakrauch, Abgase oder Essen) und verhindert, [&hellip;]<\/p>\n","protected":false},"featured_media":114065,"template":"","meta":{"_acf_changed":false},"product_brand":[748],"product_cat":[302],"product_tag":[],"class_list":{"0":"post-114063","1":"product","2":"type-product","3":"status-publish","4":"has-post-thumbnail","6":"product_brand-phyto","7":"product_cat-p","8":"pa_packungsgroesse-150ml","10":"first","11":"instock","12":"shipping-taxable","13":"purchasable","14":"product-type-simple"},"acf":[],"_links":{"self":[{"href":"https:\/\/www.hirtenberg-apotheke.at\/katalog\/wp-json\/wp\/v2\/product\/114063","targetHints":{"allow":["GET"]}}],"collection":[{"href":"https:\/\/www.hirtenberg-apotheke.at\/katalog\/wp-json\/wp\/v2\/product"}],"about":[{"href":"https:\/\/www.hirtenberg-apotheke.at\/katalog\/wp-json\/wp\/v2\/types\/product"}],"wp:featuredmedia":[{"embeddable":true,"href":"https:\/\/www.hirtenberg-apotheke.at\/katalog\/wp-json\/wp\/v2\/media\/114065"}],"wp:attachment":[{"href":"https:\/\/www.hirtenberg-apotheke.at\/katalog\/wp-json\/wp\/v2\/media?parent=114063"}],"wp:term":[{"taxonomy":"product_brand","embeddable":true,"href":"https:\/\/www.hirtenberg-apotheke.at\/katalog\/wp-json\/wp\/v2\/product_brand?post=114063"},{"taxonomy":"product_cat","embeddable":true,"href":"https:\/\/www.hirtenberg-apotheke.at\/katalog\/wp-json\/wp\/v2\/product_cat?post=114063"},{"taxonomy":"product_tag","embeddable":true,"href":"https:\/\/www.hirtenberg-apotheke.at\/katalog\/wp-json\/wp\/v2\/product_tag?post=114063"}],"curies":[{"name":"wp","href":"https:\/\/api.w.org\/{rel}","templated":true}]}}