{"id":114066,"date":"2025-12-03T15:04:17","date_gmt":"2025-12-03T14:04:17","guid":{"rendered":"https:\/\/www.hirtenberg-apotheke.at\/katalog\/produkt\/madara-grow-volume-shampoo-250-ml\/"},"modified":"2025-12-03T15:04:24","modified_gmt":"2025-12-03T14:04:24","slug":"madara-grow-volume-shampoo-250-ml","status":"publish","type":"product","link":"https:\/\/www.hirtenberg-apotheke.at\/katalog\/produkt\/madara-grow-volume-shampoo-250-ml\/","title":{"rendered":"Madara Grow Volume Shampoo 250 ml"},"content":{"rendered":"<p>Grow Volume Shampoo &#8211; starten Sie einen Tag der guten Haare mit diesem Shampoo basierend auf Koffein, Zink und Pilzen, reich an Vitamin F \u00fcr den Haarwuchs Niacin und Panthenol f\u00fcr dickeres Haar. Reaktiviert Ihre Kopfhaut ,reinigt Ihr Haar und macht es weich, glatt und volumin\u00f6s.<\/p>\n","protected":false},"excerpt":{"rendered":"<p>Grow Volume Shampoo &#8211; starten Sie einen Tag der guten Haare mit diesem Shampoo basierend auf Koffein, Zink und Pilzen, reich an Vitamin F \u00fcr den Haarwuchs Niacin und Panthenol f\u00fcr dickeres Haar. Reaktiviert Ihre Kopfhaut ,reinigt Ihr Haar und macht es weich, glatt und volumin\u00f6s.<\/p>\n","protected":false},"featured_media":114068,"template":"","meta":{"_acf_changed":false},"product_brand":[1240],"product_cat":[308],"product_tag":[],"class_list":{"0":"post-114066","1":"product","2":"type-product","3":"status-publish","4":"has-post-thumbnail","6":"product_brand-madara","7":"product_cat-m","8":"pa_packungsgroesse-250ml","10":"first","11":"instock","12":"shipping-taxable","13":"purchasable","14":"product-type-simple"},"acf":[],"_links":{"self":[{"href":"https:\/\/www.hirtenberg-apotheke.at\/katalog\/wp-json\/wp\/v2\/product\/114066","targetHints":{"allow":["GET"]}}],"collection":[{"href":"https:\/\/www.hirtenberg-apotheke.at\/katalog\/wp-json\/wp\/v2\/product"}],"about":[{"href":"https:\/\/www.hirtenberg-apotheke.at\/katalog\/wp-json\/wp\/v2\/types\/product"}],"wp:featuredmedia":[{"embeddable":true,"href":"https:\/\/www.hirtenberg-apotheke.at\/katalog\/wp-json\/wp\/v2\/media\/114068"}],"wp:attachment":[{"href":"https:\/\/www.hirtenberg-apotheke.at\/katalog\/wp-json\/wp\/v2\/media?parent=114066"}],"wp:term":[{"taxonomy":"product_brand","embeddable":true,"href":"https:\/\/www.hirtenberg-apotheke.at\/katalog\/wp-json\/wp\/v2\/product_brand?post=114066"},{"taxonomy":"product_cat","embeddable":true,"href":"https:\/\/www.hirtenberg-apotheke.at\/katalog\/wp-json\/wp\/v2\/product_cat?post=114066"},{"taxonomy":"product_tag","embeddable":true,"href":"https:\/\/www.hirtenberg-apotheke.at\/katalog\/wp-json\/wp\/v2\/product_tag?post=114066"}],"curies":[{"name":"wp","href":"https:\/\/api.w.org\/{rel}","templated":true}]}}