{"id":114072,"date":"2025-12-03T15:04:17","date_gmt":"2025-12-03T14:04:17","guid":{"rendered":"https:\/\/www.hirtenberg-apotheke.at\/katalog\/produkt\/phyto-phytocedrat-talgregulierendes-shampoo-250-ml\/"},"modified":"2025-12-03T15:04:36","modified_gmt":"2025-12-03T14:04:36","slug":"phyto-phytocedrat-talgregulierendes-shampoo-250-ml","status":"publish","type":"product","link":"https:\/\/www.hirtenberg-apotheke.at\/katalog\/produkt\/phyto-phytocedrat-talgregulierendes-shampoo-250-ml\/","title":{"rendered":"Phyto Phytocedrat Talgregulierendes Shampoo 250 ml"},"content":{"rendered":"<p>Die hohe Konzentration an \u00e4therischen \u00d6len in diesem Shampoo hilft Talg\u00fcberschuss zu regulieren und den Haaren Leichtigkeit und Glanz zu verleihen. Das Shampoo Phytoc\u00e9drat verringert die Talgabsonderung. Durch die schonende, pflanzliche Waschbasis kann die Waschfrequenz verringert werden. Ab der ersten Anwendung gewinnt das Haar wieder an Volumen und Leichtigkeit. Durch eine Synergie aus 9 adstringierenden Pflanzen mit \u00e4therischem Zitrus- \u00d6l und einem Geranium-Extrakt wird die Talgabsonderung gemindert. Abietins\u00e4ure- Derivat aus Pinien-Extrakt und Sojaprotein-Hydrolysat umh\u00fcllt das Haar und verhindert das Wandern des Talgs entlang der Haare.<\/p>\n","protected":false},"excerpt":{"rendered":"<p>Die hohe Konzentration an \u00e4therischen \u00d6len in diesem Shampoo hilft Talg\u00fcberschuss zu regulieren und den Haaren Leichtigkeit und Glanz zu verleihen. Das Shampoo Phytoc\u00e9drat verringert die Talgabsonderung. Durch die schonende, pflanzliche Waschbasis kann die Waschfrequenz verringert werden. Ab der ersten Anwendung gewinnt das Haar wieder an Volumen und Leichtigkeit. Durch eine Synergie aus 9 adstringierenden [&hellip;]<\/p>\n","protected":false},"featured_media":114074,"template":"","meta":{"_acf_changed":false},"product_brand":[748],"product_cat":[302],"product_tag":[],"class_list":{"0":"post-114072","1":"product","2":"type-product","3":"status-publish","4":"has-post-thumbnail","6":"product_brand-phyto","7":"product_cat-p","8":"pa_packungsgroesse-250ml","10":"first","11":"instock","12":"shipping-taxable","13":"purchasable","14":"product-type-simple"},"acf":[],"_links":{"self":[{"href":"https:\/\/www.hirtenberg-apotheke.at\/katalog\/wp-json\/wp\/v2\/product\/114072","targetHints":{"allow":["GET"]}}],"collection":[{"href":"https:\/\/www.hirtenberg-apotheke.at\/katalog\/wp-json\/wp\/v2\/product"}],"about":[{"href":"https:\/\/www.hirtenberg-apotheke.at\/katalog\/wp-json\/wp\/v2\/types\/product"}],"wp:featuredmedia":[{"embeddable":true,"href":"https:\/\/www.hirtenberg-apotheke.at\/katalog\/wp-json\/wp\/v2\/media\/114074"}],"wp:attachment":[{"href":"https:\/\/www.hirtenberg-apotheke.at\/katalog\/wp-json\/wp\/v2\/media?parent=114072"}],"wp:term":[{"taxonomy":"product_brand","embeddable":true,"href":"https:\/\/www.hirtenberg-apotheke.at\/katalog\/wp-json\/wp\/v2\/product_brand?post=114072"},{"taxonomy":"product_cat","embeddable":true,"href":"https:\/\/www.hirtenberg-apotheke.at\/katalog\/wp-json\/wp\/v2\/product_cat?post=114072"},{"taxonomy":"product_tag","embeddable":true,"href":"https:\/\/www.hirtenberg-apotheke.at\/katalog\/wp-json\/wp\/v2\/product_tag?post=114072"}],"curies":[{"name":"wp","href":"https:\/\/api.w.org\/{rel}","templated":true}]}}