{"id":114078,"date":"2025-12-03T15:04:35","date_gmt":"2025-12-03T14:04:35","guid":{"rendered":"https:\/\/www.hirtenberg-apotheke.at\/katalog\/produkt\/phyto-phytosquam-anti-schuppen-shampoo-250-ml\/"},"modified":"2025-12-03T15:04:48","modified_gmt":"2025-12-03T14:04:48","slug":"phyto-phytosquam-anti-schuppen-shampoo-250-ml","status":"publish","type":"product","link":"https:\/\/www.hirtenberg-apotheke.at\/katalog\/produkt\/phyto-phytosquam-anti-schuppen-shampoo-250-ml\/","title":{"rendered":"Phyto Phytosquam Anti-Schuppen Shampoo 250 ml"},"content":{"rendered":"<p>PHYTOSQUAM Tiefenreinigendes Anti-Schuppen-Shampoo wurde speziell f\u00fcr tendenziell fettiges Haar entwickelt. Es bek\u00e4mpft Schuppen nachhaltig und hinterl\u00e4sst dabei sch\u00f6nes Haar voller Vitalit\u00e4t. Eine Kombination aus reinigenden und reizlindernden Wirkstoffen mindert die Talgproduktion und beruhigt die Kopfhaut. Die sublimierenden Pflanzenwirkstoffe von PHYTOSQUAM geben den Haaren Glanz und Leichtigkeit zur\u00fcck.<\/p>\n","protected":false},"excerpt":{"rendered":"<p>PHYTOSQUAM Tiefenreinigendes Anti-Schuppen-Shampoo wurde speziell f\u00fcr tendenziell fettiges Haar entwickelt. Es bek\u00e4mpft Schuppen nachhaltig und hinterl\u00e4sst dabei sch\u00f6nes Haar voller Vitalit\u00e4t. Eine Kombination aus reinigenden und reizlindernden Wirkstoffen mindert die Talgproduktion und beruhigt die Kopfhaut. Die sublimierenden Pflanzenwirkstoffe von PHYTOSQUAM geben den Haaren Glanz und Leichtigkeit zur\u00fcck.<\/p>\n","protected":false},"featured_media":114080,"template":"","meta":{"_acf_changed":false},"product_brand":[748],"product_cat":[302],"product_tag":[],"class_list":{"0":"post-114078","1":"product","2":"type-product","3":"status-publish","4":"has-post-thumbnail","6":"product_brand-phyto","7":"product_cat-p","8":"pa_packungsgroesse-250ml","10":"first","11":"instock","12":"shipping-taxable","13":"purchasable","14":"product-type-simple"},"acf":[],"_links":{"self":[{"href":"https:\/\/www.hirtenberg-apotheke.at\/katalog\/wp-json\/wp\/v2\/product\/114078","targetHints":{"allow":["GET"]}}],"collection":[{"href":"https:\/\/www.hirtenberg-apotheke.at\/katalog\/wp-json\/wp\/v2\/product"}],"about":[{"href":"https:\/\/www.hirtenberg-apotheke.at\/katalog\/wp-json\/wp\/v2\/types\/product"}],"wp:featuredmedia":[{"embeddable":true,"href":"https:\/\/www.hirtenberg-apotheke.at\/katalog\/wp-json\/wp\/v2\/media\/114080"}],"wp:attachment":[{"href":"https:\/\/www.hirtenberg-apotheke.at\/katalog\/wp-json\/wp\/v2\/media?parent=114078"}],"wp:term":[{"taxonomy":"product_brand","embeddable":true,"href":"https:\/\/www.hirtenberg-apotheke.at\/katalog\/wp-json\/wp\/v2\/product_brand?post=114078"},{"taxonomy":"product_cat","embeddable":true,"href":"https:\/\/www.hirtenberg-apotheke.at\/katalog\/wp-json\/wp\/v2\/product_cat?post=114078"},{"taxonomy":"product_tag","embeddable":true,"href":"https:\/\/www.hirtenberg-apotheke.at\/katalog\/wp-json\/wp\/v2\/product_tag?post=114078"}],"curies":[{"name":"wp","href":"https:\/\/api.w.org\/{rel}","templated":true}]}}