{"id":11420,"date":"2025-11-25T14:25:16","date_gmt":"2025-11-25T13:25:16","guid":{"rendered":"https:\/\/www.hirtenberg-apotheke.at\/katalog\/produkt\/magnomed-magnesium-kalzium-magnesium-filmtabletten-60-stk\/"},"modified":"2025-11-25T14:25:34","modified_gmt":"2025-11-25T13:25:34","slug":"magnomed-magnesium-kalzium-magnesium-filmtabletten-60-stk","status":"publish","type":"product","link":"https:\/\/www.hirtenberg-apotheke.at\/katalog\/produkt\/magnomed-magnesium-kalzium-magnesium-filmtabletten-60-stk\/","title":{"rendered":"Magnomed Magnesium-Kalzium Magnesium Filmtabletten 60 Stk."},"content":{"rendered":"<p>Magnomed Magnesium-Kalzium Magnesium Filmtabletten dienen zur di\u00e4tischen Behandlung von neuromuskul\u00e4ren St\u00f6rungen und Wadenkr\u00e4mpfen bedingt durch Magnesiummangel.<\/p>\n","protected":false},"excerpt":{"rendered":"<p>Magnomed Magnesium-Kalzium Magnesium Filmtabletten dienen zur di\u00e4tischen Behandlung von neuromuskul\u00e4ren St\u00f6rungen und Wadenkr\u00e4mpfen bedingt durch Magnesiummangel.<\/p>\n","protected":false},"featured_media":0,"template":"","meta":{"_acf_changed":false},"product_brand":[],"product_cat":[308],"product_tag":[],"class_list":{"0":"post-11420","1":"product","2":"type-product","3":"status-publish","5":"product_cat-m","6":"pa_packungsgroesse-60-stueck","8":"first","9":"instock","10":"shipping-taxable","11":"purchasable","12":"product-type-simple"},"acf":[],"_links":{"self":[{"href":"https:\/\/www.hirtenberg-apotheke.at\/katalog\/wp-json\/wp\/v2\/product\/11420","targetHints":{"allow":["GET"]}}],"collection":[{"href":"https:\/\/www.hirtenberg-apotheke.at\/katalog\/wp-json\/wp\/v2\/product"}],"about":[{"href":"https:\/\/www.hirtenberg-apotheke.at\/katalog\/wp-json\/wp\/v2\/types\/product"}],"wp:attachment":[{"href":"https:\/\/www.hirtenberg-apotheke.at\/katalog\/wp-json\/wp\/v2\/media?parent=11420"}],"wp:term":[{"taxonomy":"product_brand","embeddable":true,"href":"https:\/\/www.hirtenberg-apotheke.at\/katalog\/wp-json\/wp\/v2\/product_brand?post=11420"},{"taxonomy":"product_cat","embeddable":true,"href":"https:\/\/www.hirtenberg-apotheke.at\/katalog\/wp-json\/wp\/v2\/product_cat?post=11420"},{"taxonomy":"product_tag","embeddable":true,"href":"https:\/\/www.hirtenberg-apotheke.at\/katalog\/wp-json\/wp\/v2\/product_tag?post=11420"}],"curies":[{"name":"wp","href":"https:\/\/api.w.org\/{rel}","templated":true}]}}