{"id":114359,"date":"2025-12-03T15:15:29","date_gmt":"2025-12-03T14:15:29","guid":{"rendered":"https:\/\/www.hirtenberg-apotheke.at\/katalog\/produkt\/phyto-softness-shampoo\/"},"modified":"2025-12-03T15:15:51","modified_gmt":"2025-12-03T14:15:51","slug":"phyto-softness-shampoo","status":"publish","type":"product","link":"https:\/\/www.hirtenberg-apotheke.at\/katalog\/produkt\/phyto-softness-shampoo\/","title":{"rendered":"Phyto Softness Shampoo"},"content":{"rendered":"<p>ALLE HAARTYPEN\u00a0&#8211; Ausgeglichene Kopfhaut<\/p>\n<h1 data-v-fa98dd34=\"\"><\/h1>\n<p>Das SOFTNESS Shampoo reinigt das Haar der ganzen Familie* mit gr\u00f6\u00dfter R\u00fccksicht auf die Kopfhaut. Das Haar ist weicher, geschmeidiger und gl\u00e4nzender. In der Formel, hilft ein Komplex von Pr\u00e4biotika, um das Gleichgewicht der Kopfhaut zu bewahren und die Haare zu pflegen. Hafermilch sorgt f\u00fcr die Weichheit der Faser. Ein Extrakt aus wei\u00dfer Malve macht das Haar doppelt so gl\u00e4nzend.<\/p>\n<p>Silikonfrei, ohne Sulfate und Tenside.<\/p>\n<p>*ab 3 Jahren<\/p>\n","protected":false},"excerpt":{"rendered":"<p>ALLE HAARTYPEN\u00a0&#8211; Ausgeglichene Kopfhaut Das SOFTNESS Shampoo reinigt das Haar der ganzen Familie* mit gr\u00f6\u00dfter R\u00fccksicht auf die Kopfhaut. Das Haar ist weicher, geschmeidiger und gl\u00e4nzender. In der Formel, hilft ein Komplex von Pr\u00e4biotika, um das Gleichgewicht der Kopfhaut zu bewahren und die Haare zu pflegen. Hafermilch sorgt f\u00fcr die Weichheit der Faser. Ein Extrakt [&hellip;]<\/p>\n","protected":false},"featured_media":114361,"template":"","meta":{"_acf_changed":false},"product_brand":[748],"product_cat":[302],"product_tag":[],"class_list":{"0":"post-114359","1":"product","2":"type-product","3":"status-publish","4":"has-post-thumbnail","6":"product_brand-phyto","7":"product_cat-p","8":"pa_packungsgroesse-250ml","10":"first","11":"instock","12":"shipping-taxable","13":"purchasable","14":"product-type-simple"},"acf":[],"_links":{"self":[{"href":"https:\/\/www.hirtenberg-apotheke.at\/katalog\/wp-json\/wp\/v2\/product\/114359","targetHints":{"allow":["GET"]}}],"collection":[{"href":"https:\/\/www.hirtenberg-apotheke.at\/katalog\/wp-json\/wp\/v2\/product"}],"about":[{"href":"https:\/\/www.hirtenberg-apotheke.at\/katalog\/wp-json\/wp\/v2\/types\/product"}],"wp:featuredmedia":[{"embeddable":true,"href":"https:\/\/www.hirtenberg-apotheke.at\/katalog\/wp-json\/wp\/v2\/media\/114361"}],"wp:attachment":[{"href":"https:\/\/www.hirtenberg-apotheke.at\/katalog\/wp-json\/wp\/v2\/media?parent=114359"}],"wp:term":[{"taxonomy":"product_brand","embeddable":true,"href":"https:\/\/www.hirtenberg-apotheke.at\/katalog\/wp-json\/wp\/v2\/product_brand?post=114359"},{"taxonomy":"product_cat","embeddable":true,"href":"https:\/\/www.hirtenberg-apotheke.at\/katalog\/wp-json\/wp\/v2\/product_cat?post=114359"},{"taxonomy":"product_tag","embeddable":true,"href":"https:\/\/www.hirtenberg-apotheke.at\/katalog\/wp-json\/wp\/v2\/product_tag?post=114359"}],"curies":[{"name":"wp","href":"https:\/\/api.w.org\/{rel}","templated":true}]}}