{"id":11459,"date":"2025-11-25T14:26:09","date_gmt":"2025-11-25T13:26:09","guid":{"rendered":"https:\/\/www.hirtenberg-apotheke.at\/katalog\/produkt\/burgerstein-tabletten-sport-60-stk\/"},"modified":"2025-11-25T14:26:16","modified_gmt":"2025-11-25T13:26:16","slug":"burgerstein-tabletten-sport-60-stk","status":"publish","type":"product","link":"https:\/\/www.hirtenberg-apotheke.at\/katalog\/produkt\/burgerstein-tabletten-sport-60-stk\/","title":{"rendered":"Burgerstein Tabletten Sport 60 Stk."},"content":{"rendered":"<p>Burgerstein sport dient zur Kompensation des erh\u00f6hten Mikron\u00e4hrstoffbedarfs im Sport bei einem gesteigerten Stoffwechsel und erm\u00f6glicht ein optimales Aussch\u00f6pfen der eigenen Leistungskapazit\u00e4t. Neutralisiert \u00fcbersch\u00fcssige freie Radikale, die beim erh\u00f6hten Sauerstoffumsatz des Sportlers vermehrt entstehen (oxidativer Stress). Verk\u00fcrzt die Erholungs- und Regenerationszeit und f\u00f6rdert die Gesundheit und Beweglichkeit des Sportlers.<\/p>\n","protected":false},"excerpt":{"rendered":"<p>Burgerstein sport dient zur Kompensation des erh\u00f6hten Mikron\u00e4hrstoffbedarfs im Sport bei einem gesteigerten Stoffwechsel und erm\u00f6glicht ein optimales Aussch\u00f6pfen der eigenen Leistungskapazit\u00e4t. Neutralisiert \u00fcbersch\u00fcssige freie Radikale, die beim erh\u00f6hten Sauerstoffumsatz des Sportlers vermehrt entstehen (oxidativer Stress). Verk\u00fcrzt die Erholungs- und Regenerationszeit und f\u00f6rdert die Gesundheit und Beweglichkeit des Sportlers.<\/p>\n","protected":false},"featured_media":11461,"template":"","meta":{"_acf_changed":false},"product_brand":[422],"product_cat":[292],"product_tag":[],"class_list":{"0":"post-11459","1":"product","2":"type-product","3":"status-publish","4":"has-post-thumbnail","6":"product_brand-burgerstein","7":"product_cat-b","8":"pa_packungsgroesse-60-stueck","10":"first","11":"instock","12":"shipping-taxable","13":"purchasable","14":"product-type-simple"},"acf":[],"_links":{"self":[{"href":"https:\/\/www.hirtenberg-apotheke.at\/katalog\/wp-json\/wp\/v2\/product\/11459","targetHints":{"allow":["GET"]}}],"collection":[{"href":"https:\/\/www.hirtenberg-apotheke.at\/katalog\/wp-json\/wp\/v2\/product"}],"about":[{"href":"https:\/\/www.hirtenberg-apotheke.at\/katalog\/wp-json\/wp\/v2\/types\/product"}],"wp:featuredmedia":[{"embeddable":true,"href":"https:\/\/www.hirtenberg-apotheke.at\/katalog\/wp-json\/wp\/v2\/media\/11461"}],"wp:attachment":[{"href":"https:\/\/www.hirtenberg-apotheke.at\/katalog\/wp-json\/wp\/v2\/media?parent=11459"}],"wp:term":[{"taxonomy":"product_brand","embeddable":true,"href":"https:\/\/www.hirtenberg-apotheke.at\/katalog\/wp-json\/wp\/v2\/product_brand?post=11459"},{"taxonomy":"product_cat","embeddable":true,"href":"https:\/\/www.hirtenberg-apotheke.at\/katalog\/wp-json\/wp\/v2\/product_cat?post=11459"},{"taxonomy":"product_tag","embeddable":true,"href":"https:\/\/www.hirtenberg-apotheke.at\/katalog\/wp-json\/wp\/v2\/product_tag?post=11459"}],"curies":[{"name":"wp","href":"https:\/\/api.w.org\/{rel}","templated":true}]}}