{"id":11485,"date":"2025-11-25T14:26:09","date_gmt":"2025-11-25T13:26:09","guid":{"rendered":"https:\/\/www.hirtenberg-apotheke.at\/katalog\/produkt\/espara-weihrauch-forte-kapseln-60-stk\/"},"modified":"2025-11-25T14:26:39","modified_gmt":"2025-11-25T13:26:39","slug":"espara-weihrauch-forte-kapseln-60-stk","status":"publish","type":"product","link":"https:\/\/www.hirtenberg-apotheke.at\/katalog\/produkt\/espara-weihrauch-forte-kapseln-60-stk\/","title":{"rendered":"Espara Weihrauch forte Kapseln 60 Stk."},"content":{"rendered":"<p>Nahrungserg\u00e4nzungsmittel mit Weihrauch. Weihrauch enth\u00e4lt wertvolle Boswellias\u00e4uren und wird seit langem gesch\u00e4tzt -\u0096 jetzt mit hohem Rabatt bestellen!<\/p>\n","protected":false},"excerpt":{"rendered":"<p>Nahrungserg\u00e4nzungsmittel mit Weihrauch. Weihrauch enth\u00e4lt wertvolle Boswellias\u00e4uren und wird seit langem gesch\u00e4tzt -\u0096 jetzt mit hohem Rabatt bestellen!<\/p>\n","protected":false},"featured_media":11487,"template":"","meta":{"_acf_changed":false},"product_brand":[341],"product_cat":[307],"product_tag":[],"class_list":{"0":"post-11485","1":"product","2":"type-product","3":"status-publish","4":"has-post-thumbnail","6":"product_brand-espara","7":"product_cat-e","8":"pa_packungsgroesse-60-stueck","10":"first","11":"instock","12":"shipping-taxable","13":"purchasable","14":"product-type-simple"},"acf":[],"_links":{"self":[{"href":"https:\/\/www.hirtenberg-apotheke.at\/katalog\/wp-json\/wp\/v2\/product\/11485","targetHints":{"allow":["GET"]}}],"collection":[{"href":"https:\/\/www.hirtenberg-apotheke.at\/katalog\/wp-json\/wp\/v2\/product"}],"about":[{"href":"https:\/\/www.hirtenberg-apotheke.at\/katalog\/wp-json\/wp\/v2\/types\/product"}],"wp:featuredmedia":[{"embeddable":true,"href":"https:\/\/www.hirtenberg-apotheke.at\/katalog\/wp-json\/wp\/v2\/media\/11487"}],"wp:attachment":[{"href":"https:\/\/www.hirtenberg-apotheke.at\/katalog\/wp-json\/wp\/v2\/media?parent=11485"}],"wp:term":[{"taxonomy":"product_brand","embeddable":true,"href":"https:\/\/www.hirtenberg-apotheke.at\/katalog\/wp-json\/wp\/v2\/product_brand?post=11485"},{"taxonomy":"product_cat","embeddable":true,"href":"https:\/\/www.hirtenberg-apotheke.at\/katalog\/wp-json\/wp\/v2\/product_cat?post=11485"},{"taxonomy":"product_tag","embeddable":true,"href":"https:\/\/www.hirtenberg-apotheke.at\/katalog\/wp-json\/wp\/v2\/product_tag?post=11485"}],"curies":[{"name":"wp","href":"https:\/\/api.w.org\/{rel}","templated":true}]}}