{"id":114864,"date":"2025-12-03T18:27:29","date_gmt":"2025-12-03T17:27:29","guid":{"rendered":"https:\/\/www.hirtenberg-apotheke.at\/katalog\/produkt\/posterisan-akut-salbe\/"},"modified":"2025-12-03T18:27:34","modified_gmt":"2025-12-03T17:27:34","slug":"posterisan-akut-salbe","status":"publish","type":"product","link":"https:\/\/www.hirtenberg-apotheke.at\/katalog\/produkt\/posterisan-akut-salbe\/","title":{"rendered":"Posterisan\u00ae akut Salbe"},"content":{"rendered":"<div class=\"wpb_text_column wpb_content_element \">&#13;<\/p>\n<div class=\"wpb_wrapper\">&#13;<\/p>\n<p>Posterisan akut hilft schnell und wirksam bei Schmerzempfinden und starkem Juckreiz am Po. Schmerzempfinden und Juckreiz im Analbereich k\u00f6nnen ganz unterschiedliche Ursachen haben, wie z.B. ein H\u00e4morrhoidalleiden oder ein aufgrund reizender Noxe\u00a0 entstandenes Analekzem. Hier kann eine symptomatische Therapie mit Lokalan\u00e4sthetika (z.B. Posterisan akut Salbe mit Lidcocain) helfen, schnell den dr\u00e4ngenden und unangenehmen Juckreiz zu unterdr\u00fccken. Generell und insbesondere wenn der Juckreiz anh\u00e4lt oder h\u00e4ufig wiederkehrt sollte jedoch die Ursache abgekl\u00e4rt und therapiert werden.<\/p>\n<p>&#13;<\/p>\n<p>\u00a0<\/p>\n<p>&#13;\n<\/p><\/div>\n<p>&#13;\n<\/p><\/div>\n<p>&#13;<\/p>\n<div class=\"wpb_text_column wpb_content_element \">&#13;<\/p>\n<div class=\"wpb_wrapper\">&#13;<\/p>\n<p><strong>Wie wirkt Posterisan akut Salbe?<\/strong><\/p>\n<p>&#13;<\/p>\n<p>Der Wirkstoff\u00a0<strong>Lidocain<\/strong> ist ein Lokalan\u00e4sthetikum. Lidocain verhindert, dass die Nerven Reize weiterleiten und lindert so\u00a0 unangenehme Symptome wie Juckreiz bei akutem H\u00e4morrhoidalleiden.<\/p>\n<p>&#13;\n<\/p><\/div>\n<p>&#13;\n<\/p><\/div>\n","protected":false},"excerpt":{"rendered":"<p>&#13; &#13; Posterisan akut hilft schnell und wirksam bei Schmerzempfinden und starkem Juckreiz am Po. Schmerzempfinden und Juckreiz im Analbereich k\u00f6nnen ganz unterschiedliche Ursachen haben, wie z.B. ein H\u00e4morrhoidalleiden oder ein aufgrund reizender Noxe\u00a0 entstandenes Analekzem. Hier kann eine symptomatische Therapie mit Lokalan\u00e4sthetika (z.B. Posterisan akut Salbe mit Lidcocain) helfen, schnell den dr\u00e4ngenden und unangenehmen [&hellip;]<\/p>\n","protected":false},"featured_media":114866,"template":"","meta":{"_acf_changed":false},"product_brand":[1516],"product_cat":[302],"product_tag":[],"class_list":{"0":"post-114864","1":"product","2":"type-product","3":"status-publish","4":"has-post-thumbnail","6":"product_brand-posterisan","7":"product_cat-p","8":"pa_packungsgroesse-25g","10":"first","11":"instock","12":"shipping-taxable","13":"purchasable","14":"product-type-simple"},"acf":[],"_links":{"self":[{"href":"https:\/\/www.hirtenberg-apotheke.at\/katalog\/wp-json\/wp\/v2\/product\/114864","targetHints":{"allow":["GET"]}}],"collection":[{"href":"https:\/\/www.hirtenberg-apotheke.at\/katalog\/wp-json\/wp\/v2\/product"}],"about":[{"href":"https:\/\/www.hirtenberg-apotheke.at\/katalog\/wp-json\/wp\/v2\/types\/product"}],"wp:featuredmedia":[{"embeddable":true,"href":"https:\/\/www.hirtenberg-apotheke.at\/katalog\/wp-json\/wp\/v2\/media\/114866"}],"wp:attachment":[{"href":"https:\/\/www.hirtenberg-apotheke.at\/katalog\/wp-json\/wp\/v2\/media?parent=114864"}],"wp:term":[{"taxonomy":"product_brand","embeddable":true,"href":"https:\/\/www.hirtenberg-apotheke.at\/katalog\/wp-json\/wp\/v2\/product_brand?post=114864"},{"taxonomy":"product_cat","embeddable":true,"href":"https:\/\/www.hirtenberg-apotheke.at\/katalog\/wp-json\/wp\/v2\/product_cat?post=114864"},{"taxonomy":"product_tag","embeddable":true,"href":"https:\/\/www.hirtenberg-apotheke.at\/katalog\/wp-json\/wp\/v2\/product_tag?post=114864"}],"curies":[{"name":"wp","href":"https:\/\/api.w.org\/{rel}","templated":true}]}}