{"id":114867,"date":"2025-12-03T18:27:34","date_gmt":"2025-12-03T17:27:34","guid":{"rendered":"https:\/\/www.hirtenberg-apotheke.at\/katalog\/produkt\/posterisan-protect-salbe\/"},"modified":"2025-12-03T18:27:38","modified_gmt":"2025-12-03T17:27:38","slug":"posterisan-protect-salbe","status":"publish","type":"product","link":"https:\/\/www.hirtenberg-apotheke.at\/katalog\/produkt\/posterisan-protect-salbe\/","title":{"rendered":"Posterisan\u00ae protect Salbe"},"content":{"rendered":"<p>Posterisan\u00ae protect enth\u00e4lt einen Hautschutzkomplex zur Linderung der Beschwerden bei H\u00e4morrhoidenleiden.<\/p>\n<p><\/p>\n<p><strong>Posterisan\u00ae\u00a0protect enth\u00e4lt:<\/strong><\/p>\n<ul>\n<li><strong>Jojoba-\u00d6l<\/strong> pflegt und gl\u00e4ttet die Haut. Die <strong>Hautelastizit\u00e4t<\/strong> wird verbessert, der Stuhlabgang sp\u00fcrbar erleichtert.<\/li>\n<li>Nat\u00fcrliches gelbes <strong>Bienenwachs<\/strong> bildet einen <strong>wasserabweisenden<\/strong> Hauptschutzkomplex<\/li>\n<\/ul>\n<p>* Gebrauchsanweisung Posterisan protect Stand 03\/2021<\/p>\n<p>\u00dcber Wirkung und m\u00f6gliche unerw\u00fcnschte Wirkungen dieses Medizinproduktes informieren Gebrauchsanweisung, Arzt oder Apotheker.<\/p>\n","protected":false},"excerpt":{"rendered":"<p>Posterisan\u00ae protect enth\u00e4lt einen Hautschutzkomplex zur Linderung der Beschwerden bei H\u00e4morrhoidenleiden. Posterisan\u00ae\u00a0protect enth\u00e4lt: Jojoba-\u00d6l pflegt und gl\u00e4ttet die Haut. Die Hautelastizit\u00e4t wird verbessert, der Stuhlabgang sp\u00fcrbar erleichtert. Nat\u00fcrliches gelbes Bienenwachs bildet einen wasserabweisenden Hauptschutzkomplex * Gebrauchsanweisung Posterisan protect Stand 03\/2021 \u00dcber Wirkung und m\u00f6gliche unerw\u00fcnschte Wirkungen dieses Medizinproduktes informieren Gebrauchsanweisung, Arzt oder Apotheker.<\/p>\n","protected":false},"featured_media":114869,"template":"","meta":{"_acf_changed":false},"product_brand":[1516],"product_cat":[302],"product_tag":[],"class_list":{"0":"post-114867","1":"product","2":"type-product","3":"status-publish","4":"has-post-thumbnail","6":"product_brand-posterisan","7":"product_cat-p","8":"pa_packungsgroesse-25g","10":"first","11":"instock","12":"shipping-taxable","13":"purchasable","14":"product-type-simple"},"acf":[],"_links":{"self":[{"href":"https:\/\/www.hirtenberg-apotheke.at\/katalog\/wp-json\/wp\/v2\/product\/114867","targetHints":{"allow":["GET"]}}],"collection":[{"href":"https:\/\/www.hirtenberg-apotheke.at\/katalog\/wp-json\/wp\/v2\/product"}],"about":[{"href":"https:\/\/www.hirtenberg-apotheke.at\/katalog\/wp-json\/wp\/v2\/types\/product"}],"wp:featuredmedia":[{"embeddable":true,"href":"https:\/\/www.hirtenberg-apotheke.at\/katalog\/wp-json\/wp\/v2\/media\/114869"}],"wp:attachment":[{"href":"https:\/\/www.hirtenberg-apotheke.at\/katalog\/wp-json\/wp\/v2\/media?parent=114867"}],"wp:term":[{"taxonomy":"product_brand","embeddable":true,"href":"https:\/\/www.hirtenberg-apotheke.at\/katalog\/wp-json\/wp\/v2\/product_brand?post=114867"},{"taxonomy":"product_cat","embeddable":true,"href":"https:\/\/www.hirtenberg-apotheke.at\/katalog\/wp-json\/wp\/v2\/product_cat?post=114867"},{"taxonomy":"product_tag","embeddable":true,"href":"https:\/\/www.hirtenberg-apotheke.at\/katalog\/wp-json\/wp\/v2\/product_tag?post=114867"}],"curies":[{"name":"wp","href":"https:\/\/api.w.org\/{rel}","templated":true}]}}