{"id":115092,"date":"2025-12-03T18:36:05","date_gmt":"2025-12-03T17:36:05","guid":{"rendered":"https:\/\/www.hirtenberg-apotheke.at\/katalog\/produkt\/gall-pharma-meerrettich-400-mg-kapseln-30-stk\/"},"modified":"2025-12-03T18:36:09","modified_gmt":"2025-12-03T17:36:09","slug":"gall-pharma-meerrettich-400-mg-kapseln-30-stk","status":"publish","type":"product","link":"https:\/\/www.hirtenberg-apotheke.at\/katalog\/produkt\/gall-pharma-meerrettich-400-mg-kapseln-30-stk\/","title":{"rendered":"Gall Pharma Meerrettich 400 mg Kapseln 30 Stk."},"content":{"rendered":"<p>Gall Pharma Meerrettich 400 mg Kapseln 30 Stk. k\u00f6nnen die Abwehrkr\u00e4fte des Organismus st\u00e4rken und zur Gesunderhaltung des Atmungssystems beitragen. Diese Eigenschaft kann man sich bei Erk\u00e4ltungen speziell im Bereich der Atemwege zunutze machen. Die im Meerrettich enthaltenen Senf\u00f6le k\u00f6nnen bei Problemen der ableitenden Harnwege Abhilfe schaffen, da sie \u00e4hnlich den antibakteriellen Eigenschaften der Preiselbeere agieren. Traditionell wird Meerrettich auch als verdauungsf\u00f6rderndes Mittel eingesetz &#8211; profitieren Sie von hohen Rabatten und dem gro\u00dfen Sortiment einer Standortapotheke!<\/p>\n","protected":false},"excerpt":{"rendered":"<p>Gall Pharma Meerrettich 400 mg Kapseln 30 Stk. k\u00f6nnen die Abwehrkr\u00e4fte des Organismus st\u00e4rken und zur Gesunderhaltung des Atmungssystems beitragen. Diese Eigenschaft kann man sich bei Erk\u00e4ltungen speziell im Bereich der Atemwege zunutze machen. Die im Meerrettich enthaltenen Senf\u00f6le k\u00f6nnen bei Problemen der ableitenden Harnwege Abhilfe schaffen, da sie \u00e4hnlich den antibakteriellen Eigenschaften der Preiselbeere [&hellip;]<\/p>\n","protected":false},"featured_media":115094,"template":"","meta":{"_acf_changed":false},"product_brand":[],"product_cat":[328],"product_tag":[],"class_list":{"0":"post-115092","1":"product","2":"type-product","3":"status-publish","4":"has-post-thumbnail","6":"product_cat-g","7":"pa_packungsgroesse-30-stueck","9":"first","10":"instock","11":"shipping-taxable","12":"purchasable","13":"product-type-simple"},"acf":[],"_links":{"self":[{"href":"https:\/\/www.hirtenberg-apotheke.at\/katalog\/wp-json\/wp\/v2\/product\/115092","targetHints":{"allow":["GET"]}}],"collection":[{"href":"https:\/\/www.hirtenberg-apotheke.at\/katalog\/wp-json\/wp\/v2\/product"}],"about":[{"href":"https:\/\/www.hirtenberg-apotheke.at\/katalog\/wp-json\/wp\/v2\/types\/product"}],"wp:featuredmedia":[{"embeddable":true,"href":"https:\/\/www.hirtenberg-apotheke.at\/katalog\/wp-json\/wp\/v2\/media\/115094"}],"wp:attachment":[{"href":"https:\/\/www.hirtenberg-apotheke.at\/katalog\/wp-json\/wp\/v2\/media?parent=115092"}],"wp:term":[{"taxonomy":"product_brand","embeddable":true,"href":"https:\/\/www.hirtenberg-apotheke.at\/katalog\/wp-json\/wp\/v2\/product_brand?post=115092"},{"taxonomy":"product_cat","embeddable":true,"href":"https:\/\/www.hirtenberg-apotheke.at\/katalog\/wp-json\/wp\/v2\/product_cat?post=115092"},{"taxonomy":"product_tag","embeddable":true,"href":"https:\/\/www.hirtenberg-apotheke.at\/katalog\/wp-json\/wp\/v2\/product_tag?post=115092"}],"curies":[{"name":"wp","href":"https:\/\/api.w.org\/{rel}","templated":true}]}}