{"id":115095,"date":"2025-12-03T18:36:05","date_gmt":"2025-12-03T17:36:05","guid":{"rendered":"https:\/\/www.hirtenberg-apotheke.at\/katalog\/produkt\/hanoju-bio-spirulina-tabletten-400-mg-625-stk\/"},"modified":"2025-12-03T18:36:13","modified_gmt":"2025-12-03T17:36:13","slug":"hanoju-bio-spirulina-tabletten-400-mg-625-stk","status":"publish","type":"product","link":"https:\/\/www.hirtenberg-apotheke.at\/katalog\/produkt\/hanoju-bio-spirulina-tabletten-400-mg-625-stk\/","title":{"rendered":"Hanoju Bio Spirulina Tabletten 400 mg 625 Stk."},"content":{"rendered":"<p>Hanoju Bio Spirulina Tabletten 400 mg ist ein Nahrungserg\u00e4nzungsmittel aus der Spirulina Alge. Das Produkt enth\u00e4lt ausschlie\u00dflich biologische Inhaltsstoffe  .<\/p>\n","protected":false},"excerpt":{"rendered":"<p>Hanoju Bio Spirulina Tabletten 400 mg ist ein Nahrungserg\u00e4nzungsmittel aus der Spirulina Alge. Das Produkt enth\u00e4lt ausschlie\u00dflich biologische Inhaltsstoffe .<\/p>\n","protected":false},"featured_media":115097,"template":"","meta":{"_acf_changed":false},"product_brand":[],"product_cat":[330],"product_tag":[],"class_list":{"0":"post-115095","1":"product","2":"type-product","3":"status-publish","4":"has-post-thumbnail","6":"product_cat-h","7":"pa_packungsgroesse-625-stueck","9":"first","10":"instock","11":"shipping-taxable","12":"purchasable","13":"product-type-simple"},"acf":[],"_links":{"self":[{"href":"https:\/\/www.hirtenberg-apotheke.at\/katalog\/wp-json\/wp\/v2\/product\/115095","targetHints":{"allow":["GET"]}}],"collection":[{"href":"https:\/\/www.hirtenberg-apotheke.at\/katalog\/wp-json\/wp\/v2\/product"}],"about":[{"href":"https:\/\/www.hirtenberg-apotheke.at\/katalog\/wp-json\/wp\/v2\/types\/product"}],"wp:featuredmedia":[{"embeddable":true,"href":"https:\/\/www.hirtenberg-apotheke.at\/katalog\/wp-json\/wp\/v2\/media\/115097"}],"wp:attachment":[{"href":"https:\/\/www.hirtenberg-apotheke.at\/katalog\/wp-json\/wp\/v2\/media?parent=115095"}],"wp:term":[{"taxonomy":"product_brand","embeddable":true,"href":"https:\/\/www.hirtenberg-apotheke.at\/katalog\/wp-json\/wp\/v2\/product_brand?post=115095"},{"taxonomy":"product_cat","embeddable":true,"href":"https:\/\/www.hirtenberg-apotheke.at\/katalog\/wp-json\/wp\/v2\/product_cat?post=115095"},{"taxonomy":"product_tag","embeddable":true,"href":"https:\/\/www.hirtenberg-apotheke.at\/katalog\/wp-json\/wp\/v2\/product_tag?post=115095"}],"curies":[{"name":"wp","href":"https:\/\/api.w.org\/{rel}","templated":true}]}}